{"id":4740,"date":"2024-12-01T09:46:53","date_gmt":"2024-12-01T09:46:53","guid":{"rendered":"https:\/\/www.printings-n.com\/produit\/cable-de-charge-5-en-1-versatile-versatile5in1chargingcable\/"},"modified":"2024-12-01T09:46:54","modified_gmt":"2024-12-01T09:46:54","slug":"cable-de-charge-5-en-1-versatile-versatile5in1chargingcable","status":"publish","type":"product","link":"https:\/\/www.printings-n.com\/fr_fr\/produit\/cable-de-charge-5-en-1-versatile-versatile5in1chargingcable\/","title":{"rendered":"C\u00e2ble de charge 5-en-1 Versatile"},"content":{"rendered":"<p>Notre c\u00e2ble de charge en nylon tress\u00e9 offre une grande polyvalence avec 5 connecteurs : Type-C, USB-A, Apple\u00ae iOS et micro USB. Id\u00e9al pour les t\u00e9l\u00e9phones de derni\u00e8re g\u00e9n\u00e9ration et les MacBooks. D&#039;une longueur de 100 cm, il est dot\u00e9 d&#039;un embout 2-en-1 . Chargez tous vos appareils en toute simplicit\u00e9.<\/p>\n","protected":false},"excerpt":{"rendered":"<p>Notre c\u00e2ble de charge en nylon tress\u00e9 offre une grande polyvalence avec 5 connecteurs : Type-C, USB-A, Apple\u00ae iOS et micro USB. Id\u00e9al pour les t\u00e9l\u00e9phones de derni\u00e8re g\u00e9n\u00e9ration et les MacBooks. D&#039;une longueur de 100 cm, il est dot\u00e9 d&#039;un embout 2-en-1 . Chargez tous vos appareils en toute simplicit\u00e9.<\/p>\n","protected":false},"featured_media":4741,"comment_status":"open","ping_status":"closed","template":"","meta":[],"product_brand":[],"product_cat":[113],"product_tag":[],"class_list":{"0":"post-4740","1":"product","2":"type-product","3":"status-publish","4":"has-post-thumbnail","6":"product_cat-gadgets-technologie","8":"first","9":"instock","10":"taxable","11":"shipping-taxable","12":"product-type-simple"},"_links":{"self":[{"href":"https:\/\/www.printings-n.com\/fr_fr\/wp-json\/wp\/v2\/product\/4740","targetHints":{"allow":["GET"]}}],"collection":[{"href":"https:\/\/www.printings-n.com\/fr_fr\/wp-json\/wp\/v2\/product"}],"about":[{"href":"https:\/\/www.printings-n.com\/fr_fr\/wp-json\/wp\/v2\/types\/product"}],"replies":[{"embeddable":true,"href":"https:\/\/www.printings-n.com\/fr_fr\/wp-json\/wp\/v2\/comments?post=4740"}],"wp:featuredmedia":[{"embeddable":true,"href":"https:\/\/www.printings-n.com\/fr_fr\/wp-json\/wp\/v2\/media\/4741"}],"wp:attachment":[{"href":"https:\/\/www.printings-n.com\/fr_fr\/wp-json\/wp\/v2\/media?parent=4740"}],"wp:term":[{"taxonomy":"product_brand","embeddable":true,"href":"https:\/\/www.printings-n.com\/fr_fr\/wp-json\/wp\/v2\/product_brand?post=4740"},{"taxonomy":"product_cat","embeddable":true,"href":"https:\/\/www.printings-n.com\/fr_fr\/wp-json\/wp\/v2\/product_cat?post=4740"},{"taxonomy":"product_tag","embeddable":true,"href":"https:\/\/www.printings-n.com\/fr_fr\/wp-json\/wp\/v2\/product_tag?post=4740"}],"curies":[{"name":"wp","href":"https:\/\/api.w.org\/{rel}","templated":true}]}}