{"id":4738,"date":"2024-12-01T09:46:50","date_gmt":"2024-12-01T09:46:50","guid":{"rendered":"https:\/\/www.printings-n.com\/produit\/cable-de-recharge-3-en-1-troop-troop3in1chargingcable\/"},"modified":"2024-12-01T09:46:50","modified_gmt":"2024-12-01T09:46:50","slug":"cable-de-recharge-3-en-1-troop-troop3in1chargingcable","status":"publish","type":"product","link":"https:\/\/www.printings-n.com\/fr_fr\/produit\/cable-de-recharge-3-en-1-troop-troop3in1chargingcable\/","title":{"rendered":"C\u00e2ble de recharge 3-en-1 Troop"},"content":{"rendered":"<p>Le c\u00e2ble de charge Troop 3-en-1 est votre compagnon ultime pour recharger en d\u00e9placement. Avec un embout USB Type-C et un embout double 2-en-1 compatible avec les appareils Apple\u00ae iOS et Android. De plus, il est muni d&#039;un clip mousqueton pratique pour l&#039;accrocher facilement \u00e0 votre sac ! Personnalisez-le et commandez-le aujourd&#039;hui.<\/p>\n","protected":false},"excerpt":{"rendered":"<p>Le c\u00e2ble de charge Troop 3-en-1 est votre compagnon ultime pour recharger en d\u00e9placement. Avec un embout USB Type-C et un embout double 2-en-1 compatible avec les appareils Apple\u00ae iOS et Android. De plus, il est muni d&#039;un clip mousqueton pratique pour l&#039;accrocher facilement \u00e0 votre sac ! Personnalisez-le et commandez-le aujourd&#039;hui.<\/p>\n","protected":false},"featured_media":4739,"comment_status":"open","ping_status":"closed","template":"","meta":[],"product_brand":[],"product_cat":[113],"product_tag":[],"class_list":{"0":"post-4738","1":"product","2":"type-product","3":"status-publish","4":"has-post-thumbnail","6":"product_cat-gadgets-technologie","8":"first","9":"instock","10":"taxable","11":"shipping-taxable","12":"product-type-simple"},"_links":{"self":[{"href":"https:\/\/www.printings-n.com\/fr_fr\/wp-json\/wp\/v2\/product\/4738","targetHints":{"allow":["GET"]}}],"collection":[{"href":"https:\/\/www.printings-n.com\/fr_fr\/wp-json\/wp\/v2\/product"}],"about":[{"href":"https:\/\/www.printings-n.com\/fr_fr\/wp-json\/wp\/v2\/types\/product"}],"replies":[{"embeddable":true,"href":"https:\/\/www.printings-n.com\/fr_fr\/wp-json\/wp\/v2\/comments?post=4738"}],"wp:featuredmedia":[{"embeddable":true,"href":"https:\/\/www.printings-n.com\/fr_fr\/wp-json\/wp\/v2\/media\/4739"}],"wp:attachment":[{"href":"https:\/\/www.printings-n.com\/fr_fr\/wp-json\/wp\/v2\/media?parent=4738"}],"wp:term":[{"taxonomy":"product_brand","embeddable":true,"href":"https:\/\/www.printings-n.com\/fr_fr\/wp-json\/wp\/v2\/product_brand?post=4738"},{"taxonomy":"product_cat","embeddable":true,"href":"https:\/\/www.printings-n.com\/fr_fr\/wp-json\/wp\/v2\/product_cat?post=4738"},{"taxonomy":"product_tag","embeddable":true,"href":"https:\/\/www.printings-n.com\/fr_fr\/wp-json\/wp\/v2\/product_tag?post=4738"}],"curies":[{"name":"wp","href":"https:\/\/api.w.org\/{rel}","templated":true}]}}