{"id":4469,"date":"2024-12-01T09:27:19","date_gmt":"2024-12-01T09:27:19","guid":{"rendered":"https:\/\/www.printings-n.com\/produit\/cobble-a5-carnet-en-papier-de-pierre-spirale-cobblea5wireorecycledcardboardnotebook-2\/"},"modified":"2024-12-01T09:27:20","modified_gmt":"2024-12-01T09:27:20","slug":"cobble-a5-carnet-en-papier-de-pierre-spirale-cobblea5wireorecycledcardboardnotebook-2","status":"publish","type":"product","link":"https:\/\/www.printings-n.com\/fr_fr\/produit\/cobble-a5-carnet-en-papier-de-pierre-spirale-cobblea5wireorecycledcardboardnotebook-2\/","title":{"rendered":"Cobble A5 Carnet en papier de pierre spirale"},"content":{"rendered":"<p>Am\u00e9liorez votre prise de notes avec notre Cobble A5 Carnet en papier de pierre spirale. Sa couverture en carton recycl\u00e9 est dot\u00e9e d&#039;une boucle de stylo pratique. \u00c0 l&#039;int\u00e9rieur, 70 feuilles de papier pierre lign\u00e9 offrent des pages sans arbres et r\u00e9sistantes \u00e0 l&#039;eau dans une teinte blanche naturelle. Adoptez le d\u00e9veloppement durable avec le carton recycl\u00e9 et le papier pierre innovant.<\/p>\n","protected":false},"excerpt":{"rendered":"<p>Am\u00e9liorez votre prise de notes avec notre Cobble A5 Carnet en papier de pierre spirale. Sa couverture en carton recycl\u00e9 est dot\u00e9e d&#039;une boucle de stylo pratique. \u00c0 l&#039;int\u00e9rieur, 70 feuilles de papier pierre lign\u00e9 offrent des pages sans arbres et r\u00e9sistantes \u00e0 l&#039;eau dans une teinte blanche naturelle. Adoptez le d\u00e9veloppement durable avec le [&hellip;]<\/p>\n","protected":false},"featured_media":4470,"comment_status":"open","ping_status":"closed","template":"","meta":[],"product_brand":[],"product_cat":[105],"product_tag":[],"class_list":{"0":"post-4469","1":"product","2":"type-product","3":"status-publish","4":"has-post-thumbnail","6":"product_cat-fournitures-de-bureau","8":"first","9":"instock","10":"taxable","11":"shipping-taxable","12":"product-type-simple"},"_links":{"self":[{"href":"https:\/\/www.printings-n.com\/fr_fr\/wp-json\/wp\/v2\/product\/4469","targetHints":{"allow":["GET"]}}],"collection":[{"href":"https:\/\/www.printings-n.com\/fr_fr\/wp-json\/wp\/v2\/product"}],"about":[{"href":"https:\/\/www.printings-n.com\/fr_fr\/wp-json\/wp\/v2\/types\/product"}],"replies":[{"embeddable":true,"href":"https:\/\/www.printings-n.com\/fr_fr\/wp-json\/wp\/v2\/comments?post=4469"}],"wp:featuredmedia":[{"embeddable":true,"href":"https:\/\/www.printings-n.com\/fr_fr\/wp-json\/wp\/v2\/media\/4470"}],"wp:attachment":[{"href":"https:\/\/www.printings-n.com\/fr_fr\/wp-json\/wp\/v2\/media?parent=4469"}],"wp:term":[{"taxonomy":"product_brand","embeddable":true,"href":"https:\/\/www.printings-n.com\/fr_fr\/wp-json\/wp\/v2\/product_brand?post=4469"},{"taxonomy":"product_cat","embeddable":true,"href":"https:\/\/www.printings-n.com\/fr_fr\/wp-json\/wp\/v2\/product_cat?post=4469"},{"taxonomy":"product_tag","embeddable":true,"href":"https:\/\/www.printings-n.com\/fr_fr\/wp-json\/wp\/v2\/product_tag?post=4469"}],"curies":[{"name":"wp","href":"https:\/\/api.w.org\/{rel}","templated":true}]}}