{"id":4467,"date":"2024-12-01T09:27:15","date_gmt":"2024-12-01T09:27:15","guid":{"rendered":"https:\/\/www.printings-n.com\/produit\/carnet-de-notes-a5-classique-a-couverture-rigide-classichardcovernotebooka5-2\/"},"modified":"2024-12-01T09:27:16","modified_gmt":"2024-12-01T09:27:16","slug":"carnet-de-notes-a5-classique-a-couverture-rigide-classichardcovernotebooka5-2","status":"publish","type":"product","link":"https:\/\/www.printings-n.com\/fr_fr\/produit\/carnet-de-notes-a5-classique-a-couverture-rigide-classichardcovernotebooka5-2\/","title":{"rendered":"Carnet de notes A5 classique \u00e0 couverture rigide"},"content":{"rendered":"<p>Am\u00e9liorez l&#039;image de votre marque sur la couverture de notre Carnet de notes A5 classique \u00e0 couverture rigide. Il comporte 144 pages couleur cr\u00e8me de 70 g, une fermeture \u00e0 \u00e9lastique et un ruban marque-page. C&#039;est l&#039;accessoire indispensable pour vos clients et vos employ\u00e9s. Commandez le v\u00f4tre d\u00e8s maintenant !<\/p>\n","protected":false},"excerpt":{"rendered":"<p>Am\u00e9liorez l&#039;image de votre marque sur la couverture de notre Carnet de notes A5 classique \u00e0 couverture rigide. Il comporte 144 pages couleur cr\u00e8me de 70 g, une fermeture \u00e0 \u00e9lastique et un ruban marque-page. C&#039;est l&#039;accessoire indispensable pour vos clients et vos employ\u00e9s. Commandez le v\u00f4tre d\u00e8s maintenant !<\/p>\n","protected":false},"featured_media":4468,"comment_status":"open","ping_status":"closed","template":"","meta":[],"product_brand":[],"product_cat":[105],"product_tag":[],"class_list":{"0":"post-4467","1":"product","2":"type-product","3":"status-publish","4":"has-post-thumbnail","6":"product_cat-fournitures-de-bureau","8":"first","9":"instock","10":"taxable","11":"shipping-taxable","12":"product-type-simple"},"_links":{"self":[{"href":"https:\/\/www.printings-n.com\/fr_fr\/wp-json\/wp\/v2\/product\/4467","targetHints":{"allow":["GET"]}}],"collection":[{"href":"https:\/\/www.printings-n.com\/fr_fr\/wp-json\/wp\/v2\/product"}],"about":[{"href":"https:\/\/www.printings-n.com\/fr_fr\/wp-json\/wp\/v2\/types\/product"}],"replies":[{"embeddable":true,"href":"https:\/\/www.printings-n.com\/fr_fr\/wp-json\/wp\/v2\/comments?post=4467"}],"wp:featuredmedia":[{"embeddable":true,"href":"https:\/\/www.printings-n.com\/fr_fr\/wp-json\/wp\/v2\/media\/4468"}],"wp:attachment":[{"href":"https:\/\/www.printings-n.com\/fr_fr\/wp-json\/wp\/v2\/media?parent=4467"}],"wp:term":[{"taxonomy":"product_brand","embeddable":true,"href":"https:\/\/www.printings-n.com\/fr_fr\/wp-json\/wp\/v2\/product_brand?post=4467"},{"taxonomy":"product_cat","embeddable":true,"href":"https:\/\/www.printings-n.com\/fr_fr\/wp-json\/wp\/v2\/product_cat?post=4467"},{"taxonomy":"product_tag","embeddable":true,"href":"https:\/\/www.printings-n.com\/fr_fr\/wp-json\/wp\/v2\/product_tag?post=4467"}],"curies":[{"name":"wp","href":"https:\/\/api.w.org\/{rel}","templated":true}]}}