{"id":4459,"date":"2024-12-01T09:26:54","date_gmt":"2024-12-01T09:26:54","guid":{"rendered":"https:\/\/www.printings-n.com\/produit\/carnet-en-papier-recycle-berkrecycledpapernotebook-2\/"},"modified":"2024-12-01T09:26:55","modified_gmt":"2024-12-01T09:26:55","slug":"carnet-en-papier-recycle-berkrecycledpapernotebook-2","status":"publish","type":"product","link":"https:\/\/www.printings-n.com\/fr_fr\/produit\/carnet-en-papier-recycle-berkrecycledpapernotebook-2\/","title":{"rendered":"Carnet en papier recycl\u00e9"},"content":{"rendered":"<p>Adoptez la durabilit\u00e9 avec notre Carnet en papier recycl\u00e9. Fabriqu\u00e9 \u00e0 partir de papier lign\u00e9 recycl\u00e9, il allie conscience \u00e9cologique et fonctionnalit\u00e9. Les coins arrondis, l&#039;\u00e9lastique vibrant et la boucle de stylo assortie ajoutent une touche de style. Optez pour le vert et faites une diff\u00e9rence !<\/p>\n","protected":false},"excerpt":{"rendered":"<p>Adoptez la durabilit\u00e9 avec notre Carnet en papier recycl\u00e9. Fabriqu\u00e9 \u00e0 partir de papier lign\u00e9 recycl\u00e9, il allie conscience \u00e9cologique et fonctionnalit\u00e9. Les coins arrondis, l&#039;\u00e9lastique vibrant et la boucle de stylo assortie ajoutent une touche de style. Optez pour le vert et faites une diff\u00e9rence !<\/p>\n","protected":false},"featured_media":4460,"comment_status":"open","ping_status":"closed","template":"","meta":[],"product_brand":[],"product_cat":[105],"product_tag":[],"class_list":{"0":"post-4459","1":"product","2":"type-product","3":"status-publish","4":"has-post-thumbnail","6":"product_cat-fournitures-de-bureau","8":"first","9":"instock","10":"taxable","11":"shipping-taxable","12":"product-type-simple"},"_links":{"self":[{"href":"https:\/\/www.printings-n.com\/fr_fr\/wp-json\/wp\/v2\/product\/4459","targetHints":{"allow":["GET"]}}],"collection":[{"href":"https:\/\/www.printings-n.com\/fr_fr\/wp-json\/wp\/v2\/product"}],"about":[{"href":"https:\/\/www.printings-n.com\/fr_fr\/wp-json\/wp\/v2\/types\/product"}],"replies":[{"embeddable":true,"href":"https:\/\/www.printings-n.com\/fr_fr\/wp-json\/wp\/v2\/comments?post=4459"}],"wp:featuredmedia":[{"embeddable":true,"href":"https:\/\/www.printings-n.com\/fr_fr\/wp-json\/wp\/v2\/media\/4460"}],"wp:attachment":[{"href":"https:\/\/www.printings-n.com\/fr_fr\/wp-json\/wp\/v2\/media?parent=4459"}],"wp:term":[{"taxonomy":"product_brand","embeddable":true,"href":"https:\/\/www.printings-n.com\/fr_fr\/wp-json\/wp\/v2\/product_brand?post=4459"},{"taxonomy":"product_cat","embeddable":true,"href":"https:\/\/www.printings-n.com\/fr_fr\/wp-json\/wp\/v2\/product_cat?post=4459"},{"taxonomy":"product_tag","embeddable":true,"href":"https:\/\/www.printings-n.com\/fr_fr\/wp-json\/wp\/v2\/product_tag?post=4459"}],"curies":[{"name":"wp","href":"https:\/\/api.w.org\/{rel}","templated":true}]}}