{"id":4453,"date":"2024-12-01T09:26:42","date_gmt":"2024-12-01T09:26:42","guid":{"rendered":"https:\/\/www.printings-n.com\/produit\/carnet-a5-couverture-en-liege-et-kraft-a5corkkraftnotebook-2\/"},"modified":"2024-12-01T09:26:43","modified_gmt":"2024-12-01T09:26:43","slug":"carnet-a5-couverture-en-liege-et-kraft-a5corkkraftnotebook-2","status":"publish","type":"product","link":"https:\/\/www.printings-n.com\/fr_fr\/produit\/carnet-a5-couverture-en-liege-et-kraft-a5corkkraftnotebook-2\/","title":{"rendered":"Carnet A5 couverture en li\u00e8ge et kraft"},"content":{"rendered":"<p>Optez pour notre option \u00e9cologique avec notre carnet de notes en li\u00e8ge et kraft ! Laissez libre cours \u00e0 votre cr\u00e9ativit\u00e9 sur les pages fabriqu\u00e9es \u00e0 partir de papier kraft recycl\u00e9, refl\u00e9tant ainsi votre engagement pour l&#039;environnement. Avec 160 pages, vous aurez tout l&#039;espace n\u00e9cessaire pour y inscrire vos id\u00e9es.<\/p>\n","protected":false},"excerpt":{"rendered":"<p>Optez pour notre option \u00e9cologique avec notre carnet de notes en li\u00e8ge et kraft ! Laissez libre cours \u00e0 votre cr\u00e9ativit\u00e9 sur les pages fabriqu\u00e9es \u00e0 partir de papier kraft recycl\u00e9, refl\u00e9tant ainsi votre engagement pour l&#039;environnement. Avec 160 pages, vous aurez tout l&#039;espace n\u00e9cessaire pour y inscrire vos id\u00e9es.<\/p>\n","protected":false},"featured_media":4454,"comment_status":"open","ping_status":"closed","template":"","meta":[],"product_brand":[],"product_cat":[105],"product_tag":[],"class_list":{"0":"post-4453","1":"product","2":"type-product","3":"status-publish","4":"has-post-thumbnail","6":"product_cat-fournitures-de-bureau","8":"first","9":"instock","10":"taxable","11":"shipping-taxable","12":"product-type-simple"},"_links":{"self":[{"href":"https:\/\/www.printings-n.com\/fr_fr\/wp-json\/wp\/v2\/product\/4453","targetHints":{"allow":["GET"]}}],"collection":[{"href":"https:\/\/www.printings-n.com\/fr_fr\/wp-json\/wp\/v2\/product"}],"about":[{"href":"https:\/\/www.printings-n.com\/fr_fr\/wp-json\/wp\/v2\/types\/product"}],"replies":[{"embeddable":true,"href":"https:\/\/www.printings-n.com\/fr_fr\/wp-json\/wp\/v2\/comments?post=4453"}],"wp:featuredmedia":[{"embeddable":true,"href":"https:\/\/www.printings-n.com\/fr_fr\/wp-json\/wp\/v2\/media\/4454"}],"wp:attachment":[{"href":"https:\/\/www.printings-n.com\/fr_fr\/wp-json\/wp\/v2\/media?parent=4453"}],"wp:term":[{"taxonomy":"product_brand","embeddable":true,"href":"https:\/\/www.printings-n.com\/fr_fr\/wp-json\/wp\/v2\/product_brand?post=4453"},{"taxonomy":"product_cat","embeddable":true,"href":"https:\/\/www.printings-n.com\/fr_fr\/wp-json\/wp\/v2\/product_cat?post=4453"},{"taxonomy":"product_tag","embeddable":true,"href":"https:\/\/www.printings-n.com\/fr_fr\/wp-json\/wp\/v2\/product_tag?post=4453"}],"curies":[{"name":"wp","href":"https:\/\/api.w.org\/{rel}","templated":true}]}}