{"id":4443,"date":"2024-12-01T09:26:23","date_gmt":"2024-12-01T09:26:23","guid":{"rendered":"https:\/\/www.printings-n.com\/produit\/carnet-a5-spirale-luxe-biancoa5wireo-2\/"},"modified":"2024-12-01T09:26:24","modified_gmt":"2024-12-01T09:26:24","slug":"carnet-a5-spirale-luxe-biancoa5wireo-2","status":"publish","type":"product","link":"https:\/\/www.printings-n.com\/fr_fr\/produit\/carnet-a5-spirale-luxe-biancoa5wireo-2\/","title":{"rendered":"Carnet A5 spirale Luxe"},"content":{"rendered":"<p>D\u00e9couvrez le m\u00e9lange parfait de durabilit\u00e9 et de polyvalence dans notre Carnet A5 spirale Luxe. Fabriqu\u00e9 de mani\u00e8re responsable \u00e0 partir de d\u00e9chets de coton , il comprend 80 feuilles de papier 100 % recycl\u00e9 avec une grille \u00e0 points. Cette conception unique offre une structure et favorise la cr\u00e9ativit\u00e9. Que vous dessiniez, \u00e9criviez ou planifiez, ce carnet s&#039;adapte \u00e0 vos besoins tout en restant plat pour une utilisation facile.<\/p>\n","protected":false},"excerpt":{"rendered":"<p>D\u00e9couvrez le m\u00e9lange parfait de durabilit\u00e9 et de polyvalence dans notre Carnet A5 spirale Luxe. Fabriqu\u00e9 de mani\u00e8re responsable \u00e0 partir de d\u00e9chets de coton , il comprend 80 feuilles de papier 100 % recycl\u00e9 avec une grille \u00e0 points. Cette conception unique offre une structure et favorise la cr\u00e9ativit\u00e9. Que vous dessiniez, \u00e9criviez ou [&hellip;]<\/p>\n","protected":false},"featured_media":4444,"comment_status":"open","ping_status":"closed","template":"","meta":[],"product_brand":[],"product_cat":[105],"product_tag":[],"class_list":{"0":"post-4443","1":"product","2":"type-product","3":"status-publish","4":"has-post-thumbnail","6":"product_cat-fournitures-de-bureau","8":"first","9":"instock","10":"taxable","11":"shipping-taxable","12":"product-type-simple"},"_links":{"self":[{"href":"https:\/\/www.printings-n.com\/fr_fr\/wp-json\/wp\/v2\/product\/4443","targetHints":{"allow":["GET"]}}],"collection":[{"href":"https:\/\/www.printings-n.com\/fr_fr\/wp-json\/wp\/v2\/product"}],"about":[{"href":"https:\/\/www.printings-n.com\/fr_fr\/wp-json\/wp\/v2\/types\/product"}],"replies":[{"embeddable":true,"href":"https:\/\/www.printings-n.com\/fr_fr\/wp-json\/wp\/v2\/comments?post=4443"}],"wp:featuredmedia":[{"embeddable":true,"href":"https:\/\/www.printings-n.com\/fr_fr\/wp-json\/wp\/v2\/media\/4444"}],"wp:attachment":[{"href":"https:\/\/www.printings-n.com\/fr_fr\/wp-json\/wp\/v2\/media?parent=4443"}],"wp:term":[{"taxonomy":"product_brand","embeddable":true,"href":"https:\/\/www.printings-n.com\/fr_fr\/wp-json\/wp\/v2\/product_brand?post=4443"},{"taxonomy":"product_cat","embeddable":true,"href":"https:\/\/www.printings-n.com\/fr_fr\/wp-json\/wp\/v2\/product_cat?post=4443"},{"taxonomy":"product_tag","embeddable":true,"href":"https:\/\/www.printings-n.com\/fr_fr\/wp-json\/wp\/v2\/product_tag?post=4443"}],"curies":[{"name":"wp","href":"https:\/\/api.w.org\/{rel}","templated":true}]}}