{"id":4439,"date":"2024-12-01T09:26:13","date_gmt":"2024-12-01T09:26:13","guid":{"rendered":"https:\/\/www.printings-n.com\/produit\/carnet-de-notes-a4-classique-pocketnotebooka4-2\/"},"modified":"2024-12-01T09:26:14","modified_gmt":"2024-12-01T09:26:14","slug":"carnet-de-notes-a4-classique-pocketnotebooka4-2","status":"publish","type":"product","link":"https:\/\/www.printings-n.com\/fr_fr\/produit\/carnet-de-notes-a4-classique-pocketnotebooka4-2\/","title":{"rendered":"Carnet de notes A4 classique"},"content":{"rendered":"<p>A la recherche d&#039;un compagnon de voyage fiable ? [site_name] vous propose le Carnet de notes A4 classique! Imprimez votre logo sur ces carnets durables disponibles en plusieurs couleurs et prenez vos notes en toute simplicit\u00e9. Avec un look professionnel et un toucher agr\u00e9able, c&#039;est un cadeau id\u00e9al qui ne manquera pas d&#039;impressionner vos clients. La pochette int\u00e9rieure au dos de la couverture est id\u00e9ale pour les cartes de visite. Les carnets comportent 96 pages lign\u00e9es de couleur cr\u00e8me, un marque-page et une bande \u00e9lastique pour garder vos notes en toute s\u00e9curit\u00e9.<\/p>\n","protected":false},"excerpt":{"rendered":"<p>A la recherche d&#039;un compagnon de voyage fiable ? [site_name] vous propose le Carnet de notes A4 classique! Imprimez votre logo sur ces carnets durables disponibles en plusieurs couleurs et prenez vos notes en toute simplicit\u00e9. Avec un look professionnel et un toucher agr\u00e9able, c&#039;est un cadeau id\u00e9al qui ne manquera pas d&#039;impressionner vos clients. [&hellip;]<\/p>\n","protected":false},"featured_media":4440,"comment_status":"open","ping_status":"closed","template":"","meta":[],"product_brand":[],"product_cat":[105],"product_tag":[],"class_list":{"0":"post-4439","1":"product","2":"type-product","3":"status-publish","4":"has-post-thumbnail","6":"product_cat-fournitures-de-bureau","8":"first","9":"instock","10":"taxable","11":"shipping-taxable","12":"product-type-simple"},"_links":{"self":[{"href":"https:\/\/www.printings-n.com\/fr_fr\/wp-json\/wp\/v2\/product\/4439","targetHints":{"allow":["GET"]}}],"collection":[{"href":"https:\/\/www.printings-n.com\/fr_fr\/wp-json\/wp\/v2\/product"}],"about":[{"href":"https:\/\/www.printings-n.com\/fr_fr\/wp-json\/wp\/v2\/types\/product"}],"replies":[{"embeddable":true,"href":"https:\/\/www.printings-n.com\/fr_fr\/wp-json\/wp\/v2\/comments?post=4439"}],"wp:featuredmedia":[{"embeddable":true,"href":"https:\/\/www.printings-n.com\/fr_fr\/wp-json\/wp\/v2\/media\/4440"}],"wp:attachment":[{"href":"https:\/\/www.printings-n.com\/fr_fr\/wp-json\/wp\/v2\/media?parent=4439"}],"wp:term":[{"taxonomy":"product_brand","embeddable":true,"href":"https:\/\/www.printings-n.com\/fr_fr\/wp-json\/wp\/v2\/product_brand?post=4439"},{"taxonomy":"product_cat","embeddable":true,"href":"https:\/\/www.printings-n.com\/fr_fr\/wp-json\/wp\/v2\/product_cat?post=4439"},{"taxonomy":"product_tag","embeddable":true,"href":"https:\/\/www.printings-n.com\/fr_fr\/wp-json\/wp\/v2\/product_tag?post=4439"}],"curies":[{"name":"wp","href":"https:\/\/api.w.org\/{rel}","templated":true}]}}