{"id":4430,"date":"2024-12-01T09:25:54","date_gmt":"2024-12-01T09:25:54","guid":{"rendered":"https:\/\/www.printings-n.com\/produit\/carnet-de-notes-couverture-rigide-quadrichromie-hardcoverjournals5x7-2\/"},"modified":"2024-12-01T09:25:55","modified_gmt":"2024-12-01T09:25:55","slug":"carnet-de-notes-couverture-rigide-quadrichromie-hardcoverjournals5x7-2","status":"publish","type":"product","link":"https:\/\/www.printings-n.com\/fr_fr\/produit\/carnet-de-notes-couverture-rigide-quadrichromie-hardcoverjournals5x7-2\/","title":{"rendered":"Carnet de notes couverture rigide quadrichromie"},"content":{"rendered":"<p>Donnez de l&#039;\u00e9clat et de la vivacit\u00e9 \u00e0 vos notes avec le Carnet de notes couverture rigide quadrichromie personnalis\u00e9 de [site_name].  Avec son impression en couleur, sa couverture rigide et ses multiples options de pages int\u00e9rieures, il constitue un excellent choix pour les clients, garantissant que votre marque n&#039;est jamais loin de leur esprit ! Chaque carnet a une finition lisse et mate \u00e0 l&#039;ext\u00e9rieur, avec 64 plaques  de papier 90 g \u00e0 l&#039;int\u00e9rieur. Pour les pages int\u00e9rieures, vous pouvez choisir entre du papier lign\u00e9, du papier millim\u00e9tr\u00e9 ou du papier vierge, selon ce qui convient le mieux \u00e0 vos besoins !<\/p>\n","protected":false},"excerpt":{"rendered":"<p>Donnez de l&#039;\u00e9clat et de la vivacit\u00e9 \u00e0 vos notes avec le Carnet de notes couverture rigide quadrichromie personnalis\u00e9 de [site_name]. Avec son impression en couleur, sa couverture rigide et ses multiples options de pages int\u00e9rieures, il constitue un excellent choix pour les clients, garantissant que votre marque n&#039;est jamais loin de leur esprit ! [&hellip;]<\/p>\n","protected":false},"featured_media":4431,"comment_status":"open","ping_status":"closed","template":"","meta":[],"product_brand":[],"product_cat":[105],"product_tag":[],"class_list":{"0":"post-4430","1":"product","2":"type-product","3":"status-publish","4":"has-post-thumbnail","6":"product_cat-fournitures-de-bureau","8":"first","9":"instock","10":"taxable","11":"shipping-taxable","12":"product-type-simple"},"_links":{"self":[{"href":"https:\/\/www.printings-n.com\/fr_fr\/wp-json\/wp\/v2\/product\/4430","targetHints":{"allow":["GET"]}}],"collection":[{"href":"https:\/\/www.printings-n.com\/fr_fr\/wp-json\/wp\/v2\/product"}],"about":[{"href":"https:\/\/www.printings-n.com\/fr_fr\/wp-json\/wp\/v2\/types\/product"}],"replies":[{"embeddable":true,"href":"https:\/\/www.printings-n.com\/fr_fr\/wp-json\/wp\/v2\/comments?post=4430"}],"wp:featuredmedia":[{"embeddable":true,"href":"https:\/\/www.printings-n.com\/fr_fr\/wp-json\/wp\/v2\/media\/4431"}],"wp:attachment":[{"href":"https:\/\/www.printings-n.com\/fr_fr\/wp-json\/wp\/v2\/media?parent=4430"}],"wp:term":[{"taxonomy":"product_brand","embeddable":true,"href":"https:\/\/www.printings-n.com\/fr_fr\/wp-json\/wp\/v2\/product_brand?post=4430"},{"taxonomy":"product_cat","embeddable":true,"href":"https:\/\/www.printings-n.com\/fr_fr\/wp-json\/wp\/v2\/product_cat?post=4430"},{"taxonomy":"product_tag","embeddable":true,"href":"https:\/\/www.printings-n.com\/fr_fr\/wp-json\/wp\/v2\/product_tag?post=4430"}],"curies":[{"name":"wp","href":"https:\/\/api.w.org\/{rel}","templated":true}]}}