{"id":4426,"date":"2024-12-01T09:25:42","date_gmt":"2024-12-01T09:25:42","guid":{"rendered":"https:\/\/www.printings-n.com\/produit\/agenda-6-langues-europointsabana6languages-2\/"},"modified":"2024-12-01T09:25:43","modified_gmt":"2024-12-01T09:25:43","slug":"agenda-6-langues-europointsabana6languages-2","status":"publish","type":"product","link":"https:\/\/www.printings-n.com\/fr_fr\/produit\/agenda-6-langues-europointsabana6languages-2\/","title":{"rendered":"Agenda A5 Eurotop Sabana 6 Langues"},"content":{"rendered":"<p>Restez organis\u00e9 sans effort. Cet agenda de bureau est disponible en six langues : anglais, n\u00e9erlandais, fran\u00e7ais, allemand, italien et espagnol. Dot\u00e9 d&#039;une couverture \u00e9l\u00e9gante en Sabana rembourr\u00e9e avec l&#039;ann\u00e9e emboss\u00e9e. Chaque jour a sa propre page avec un espace pour les notes ; samedi et dimanche sont combin\u00e9s.<\/p>\n","protected":false},"excerpt":{"rendered":"<p>Restez organis\u00e9 sans effort. Cet agenda de bureau est disponible en six langues : anglais, n\u00e9erlandais, fran\u00e7ais, allemand, italien et espagnol. Dot\u00e9 d&#039;une couverture \u00e9l\u00e9gante en Sabana rembourr\u00e9e avec l&#039;ann\u00e9e emboss\u00e9e. Chaque jour a sa propre page avec un espace pour les notes ; samedi et dimanche sont combin\u00e9s.<\/p>\n","protected":false},"featured_media":4427,"comment_status":"open","ping_status":"closed","template":"","meta":[],"product_brand":[],"product_cat":[105],"product_tag":[],"class_list":{"0":"post-4426","1":"product","2":"type-product","3":"status-publish","4":"has-post-thumbnail","6":"product_cat-fournitures-de-bureau","8":"first","9":"instock","10":"taxable","11":"shipping-taxable","12":"product-type-simple"},"_links":{"self":[{"href":"https:\/\/www.printings-n.com\/fr_fr\/wp-json\/wp\/v2\/product\/4426","targetHints":{"allow":["GET"]}}],"collection":[{"href":"https:\/\/www.printings-n.com\/fr_fr\/wp-json\/wp\/v2\/product"}],"about":[{"href":"https:\/\/www.printings-n.com\/fr_fr\/wp-json\/wp\/v2\/types\/product"}],"replies":[{"embeddable":true,"href":"https:\/\/www.printings-n.com\/fr_fr\/wp-json\/wp\/v2\/comments?post=4426"}],"wp:featuredmedia":[{"embeddable":true,"href":"https:\/\/www.printings-n.com\/fr_fr\/wp-json\/wp\/v2\/media\/4427"}],"wp:attachment":[{"href":"https:\/\/www.printings-n.com\/fr_fr\/wp-json\/wp\/v2\/media?parent=4426"}],"wp:term":[{"taxonomy":"product_brand","embeddable":true,"href":"https:\/\/www.printings-n.com\/fr_fr\/wp-json\/wp\/v2\/product_brand?post=4426"},{"taxonomy":"product_cat","embeddable":true,"href":"https:\/\/www.printings-n.com\/fr_fr\/wp-json\/wp\/v2\/product_cat?post=4426"},{"taxonomy":"product_tag","embeddable":true,"href":"https:\/\/www.printings-n.com\/fr_fr\/wp-json\/wp\/v2\/product_tag?post=4426"}],"curies":[{"name":"wp","href":"https:\/\/api.w.org\/{rel}","templated":true}]}}