{"id":4421,"date":"2024-12-01T09:25:08","date_gmt":"2024-12-01T09:25:08","guid":{"rendered":"https:\/\/www.printings-n.com\/produit\/lunettes-de-soleil-eco-wheatstraw-malibuecowheatstrawsunglasses\/"},"modified":"2024-12-01T09:25:09","modified_gmt":"2024-12-01T09:25:09","slug":"lunettes-de-soleil-eco-wheatstraw-malibuecowheatstrawsunglasses","status":"publish","type":"product","link":"https:\/\/www.printings-n.com\/fr_fr\/produit\/lunettes-de-soleil-eco-wheatstraw-malibuecowheatstrawsunglasses\/","title":{"rendered":"Lunettes de soleil eco wheatstraw"},"content":{"rendered":"<p>Imprimez votre logo ou dessin sur les lunettes de soleil Eco Wheat Straw de [site_name] ! \u00c0 la fois \u00e0 la mode et durables, elles prot\u00e8gent \u00e9galement vos yeux gr\u00e2ce \u00e0 une protection contre les UV 400. Ces lunettes de soleil durables sont parfaites pour les cadeaux publicitaires et les sacs \u00e0 surprises.<\/p>\n","protected":false},"excerpt":{"rendered":"<p>Imprimez votre logo ou dessin sur les lunettes de soleil Eco Wheat Straw de [site_name] ! \u00c0 la fois \u00e0 la mode et durables, elles prot\u00e8gent \u00e9galement vos yeux gr\u00e2ce \u00e0 une protection contre les UV 400. Ces lunettes de soleil durables sont parfaites pour les cadeaux publicitaires et les sacs \u00e0 surprises.<\/p>\n","protected":false},"featured_media":4422,"comment_status":"open","ping_status":"closed","template":"","meta":[],"product_brand":[],"product_cat":[104],"product_tag":[],"class_list":{"0":"post-4421","1":"product","2":"type-product","3":"status-publish","4":"has-post-thumbnail","6":"product_cat-lunettes-de-soleil","8":"first","9":"instock","10":"taxable","11":"shipping-taxable","12":"product-type-simple"},"_links":{"self":[{"href":"https:\/\/www.printings-n.com\/fr_fr\/wp-json\/wp\/v2\/product\/4421","targetHints":{"allow":["GET"]}}],"collection":[{"href":"https:\/\/www.printings-n.com\/fr_fr\/wp-json\/wp\/v2\/product"}],"about":[{"href":"https:\/\/www.printings-n.com\/fr_fr\/wp-json\/wp\/v2\/types\/product"}],"replies":[{"embeddable":true,"href":"https:\/\/www.printings-n.com\/fr_fr\/wp-json\/wp\/v2\/comments?post=4421"}],"wp:featuredmedia":[{"embeddable":true,"href":"https:\/\/www.printings-n.com\/fr_fr\/wp-json\/wp\/v2\/media\/4422"}],"wp:attachment":[{"href":"https:\/\/www.printings-n.com\/fr_fr\/wp-json\/wp\/v2\/media?parent=4421"}],"wp:term":[{"taxonomy":"product_brand","embeddable":true,"href":"https:\/\/www.printings-n.com\/fr_fr\/wp-json\/wp\/v2\/product_brand?post=4421"},{"taxonomy":"product_cat","embeddable":true,"href":"https:\/\/www.printings-n.com\/fr_fr\/wp-json\/wp\/v2\/product_cat?post=4421"},{"taxonomy":"product_tag","embeddable":true,"href":"https:\/\/www.printings-n.com\/fr_fr\/wp-json\/wp\/v2\/product_tag?post=4421"}],"curies":[{"name":"wp","href":"https:\/\/api.w.org\/{rel}","templated":true}]}}