{"id":4230,"date":"2024-12-01T09:10:47","date_gmt":"2024-12-01T09:10:47","guid":{"rendered":"https:\/\/www.printings-n.com\/produit\/bic-media-clic-stylo-bicmediaclicbalpen\/"},"modified":"2024-12-01T09:10:48","modified_gmt":"2024-12-01T09:10:48","slug":"bic-media-clic-stylo-bicmediaclicbalpen","status":"publish","type":"product","link":"https:\/\/www.printings-n.com\/fr_fr\/produit\/bic-media-clic-stylo-bicmediaclicbalpen\/","title":{"rendered":"BIC Media Clic stylo"},"content":{"rendered":"<p>D\u00e9couvrez le confort d&#039;\u00e9criture classique du stylo \u00e0 bille BIC Media Clic &#8211; le choix id\u00e9al pour un usage quotidien. Avec son encre bleue lisse et son visuel fiable, il est id\u00e9al pour les promotions, le travail de bureau ou pour prendre des notes en d\u00e9placement. Un v\u00e9ritable original en termes de qualit\u00e9 et de style !<\/p>\n","protected":false},"excerpt":{"rendered":"<p>D\u00e9couvrez le confort d&#039;\u00e9criture classique du stylo \u00e0 bille BIC Media Clic &#8211; le choix id\u00e9al pour un usage quotidien. Avec son encre bleue lisse et son visuel fiable, il est id\u00e9al pour les promotions, le travail de bureau ou pour prendre des notes en d\u00e9placement. Un v\u00e9ritable original en termes de qualit\u00e9 et de [&hellip;]<\/p>\n","protected":false},"featured_media":4231,"comment_status":"open","ping_status":"closed","template":"","meta":[],"product_brand":[],"product_cat":[103],"product_tag":[],"class_list":{"0":"post-4230","1":"product","2":"type-product","3":"status-publish","4":"has-post-thumbnail","6":"product_cat-stylos","8":"first","9":"instock","10":"taxable","11":"shipping-taxable","12":"product-type-simple"},"_links":{"self":[{"href":"https:\/\/www.printings-n.com\/fr_fr\/wp-json\/wp\/v2\/product\/4230","targetHints":{"allow":["GET"]}}],"collection":[{"href":"https:\/\/www.printings-n.com\/fr_fr\/wp-json\/wp\/v2\/product"}],"about":[{"href":"https:\/\/www.printings-n.com\/fr_fr\/wp-json\/wp\/v2\/types\/product"}],"replies":[{"embeddable":true,"href":"https:\/\/www.printings-n.com\/fr_fr\/wp-json\/wp\/v2\/comments?post=4230"}],"wp:featuredmedia":[{"embeddable":true,"href":"https:\/\/www.printings-n.com\/fr_fr\/wp-json\/wp\/v2\/media\/4231"}],"wp:attachment":[{"href":"https:\/\/www.printings-n.com\/fr_fr\/wp-json\/wp\/v2\/media?parent=4230"}],"wp:term":[{"taxonomy":"product_brand","embeddable":true,"href":"https:\/\/www.printings-n.com\/fr_fr\/wp-json\/wp\/v2\/product_brand?post=4230"},{"taxonomy":"product_cat","embeddable":true,"href":"https:\/\/www.printings-n.com\/fr_fr\/wp-json\/wp\/v2\/product_cat?post=4230"},{"taxonomy":"product_tag","embeddable":true,"href":"https:\/\/www.printings-n.com\/fr_fr\/wp-json\/wp\/v2\/product_tag?post=4230"}],"curies":[{"name":"wp","href":"https:\/\/api.w.org\/{rel}","templated":true}]}}