{"id":4226,"date":"2024-12-01T09:10:40","date_gmt":"2024-12-01T09:10:40","guid":{"rendered":"https:\/\/www.printings-n.com\/produit\/stylo-bic-super-clip-bicsuperclipballpen\/"},"modified":"2024-12-01T09:10:41","modified_gmt":"2024-12-01T09:10:41","slug":"stylo-bic-super-clip-bicsuperclipballpen","status":"publish","type":"product","link":"https:\/\/www.printings-n.com\/fr_fr\/produit\/stylo-bic-super-clip-bicsuperclipballpen\/","title":{"rendered":"Stylo BIC Super Clip"},"content":{"rendered":"<p>Le stylo BIC\u00ae Super Clip allie style et fonctionnalit\u00e9. Son visuel moderne avec un clip audacieux donne un aspect professionnel, tandis que le m\u00e9canisme de torsion lisse assure une \u00e9criture sans effort et confortable. Parfait pour un usage quotidien ou comme cadeau promotionnel. Personnalisez ce stylo pour faire ressortir votre marque.<\/p>\n","protected":false},"excerpt":{"rendered":"<p>Le stylo BIC\u00ae Super Clip allie style et fonctionnalit\u00e9. Son visuel moderne avec un clip audacieux donne un aspect professionnel, tandis que le m\u00e9canisme de torsion lisse assure une \u00e9criture sans effort et confortable. Parfait pour un usage quotidien ou comme cadeau promotionnel. Personnalisez ce stylo pour faire ressortir votre marque.<\/p>\n","protected":false},"featured_media":4227,"comment_status":"open","ping_status":"closed","template":"","meta":[],"product_brand":[],"product_cat":[103],"product_tag":[],"class_list":{"0":"post-4226","1":"product","2":"type-product","3":"status-publish","4":"has-post-thumbnail","6":"product_cat-stylos","8":"first","9":"instock","10":"taxable","11":"shipping-taxable","12":"product-type-simple"},"_links":{"self":[{"href":"https:\/\/www.printings-n.com\/fr_fr\/wp-json\/wp\/v2\/product\/4226","targetHints":{"allow":["GET"]}}],"collection":[{"href":"https:\/\/www.printings-n.com\/fr_fr\/wp-json\/wp\/v2\/product"}],"about":[{"href":"https:\/\/www.printings-n.com\/fr_fr\/wp-json\/wp\/v2\/types\/product"}],"replies":[{"embeddable":true,"href":"https:\/\/www.printings-n.com\/fr_fr\/wp-json\/wp\/v2\/comments?post=4226"}],"wp:featuredmedia":[{"embeddable":true,"href":"https:\/\/www.printings-n.com\/fr_fr\/wp-json\/wp\/v2\/media\/4227"}],"wp:attachment":[{"href":"https:\/\/www.printings-n.com\/fr_fr\/wp-json\/wp\/v2\/media?parent=4226"}],"wp:term":[{"taxonomy":"product_brand","embeddable":true,"href":"https:\/\/www.printings-n.com\/fr_fr\/wp-json\/wp\/v2\/product_brand?post=4226"},{"taxonomy":"product_cat","embeddable":true,"href":"https:\/\/www.printings-n.com\/fr_fr\/wp-json\/wp\/v2\/product_cat?post=4226"},{"taxonomy":"product_tag","embeddable":true,"href":"https:\/\/www.printings-n.com\/fr_fr\/wp-json\/wp\/v2\/product_tag?post=4226"}],"curies":[{"name":"wp","href":"https:\/\/api.w.org\/{rel}","templated":true}]}}