{"id":4039,"date":"2024-12-01T09:02:06","date_gmt":"2024-12-01T09:02:06","guid":{"rendered":"https:\/\/www.printings-n.com\/produit\/sac-a-cordon-coton-bio-drawstringcottonorganic\/"},"modified":"2024-12-01T09:02:07","modified_gmt":"2024-12-01T09:02:07","slug":"sac-a-cordon-coton-bio-drawstringcottonorganic","status":"publish","type":"product","link":"https:\/\/www.printings-n.com\/fr_fr\/produit\/sac-a-cordon-coton-bio-drawstringcottonorganic\/","title":{"rendered":"Sac \u00e0 cordon coton bio"},"content":{"rendered":"<p>Les sacs \u00e0 cordon bio sont des cadeaux promotionnels parfaits. Utilisez-les pour les remplir de friandises, les distribuer lors d&#039;\u00e9v\u00e9nements ou les offrir \u00e0 vos employ\u00e9s. Ces sacs vous aident \u00e0 faire rayonner votre marque partout o\u00f9 vous allez. Ce sac est fabriqu\u00e9 en coton biologique, ce qui en fait le choix le plus conscient.<\/p>\n","protected":false},"excerpt":{"rendered":"<p>Les sacs \u00e0 cordon bio sont des cadeaux promotionnels parfaits. Utilisez-les pour les remplir de friandises, les distribuer lors d&#039;\u00e9v\u00e9nements ou les offrir \u00e0 vos employ\u00e9s. Ces sacs vous aident \u00e0 faire rayonner votre marque partout o\u00f9 vous allez. Ce sac est fabriqu\u00e9 en coton biologique, ce qui en fait le choix le plus conscient.<\/p>\n","protected":false},"featured_media":4040,"comment_status":"open","ping_status":"closed","template":"","meta":[],"product_brand":[],"product_cat":[102],"product_tag":[],"class_list":{"0":"post-4039","1":"product","2":"type-product","3":"status-publish","4":"has-post-thumbnail","6":"product_cat-sacs","8":"first","9":"instock","10":"taxable","11":"shipping-taxable","12":"product-type-simple"},"_links":{"self":[{"href":"https:\/\/www.printings-n.com\/fr_fr\/wp-json\/wp\/v2\/product\/4039","targetHints":{"allow":["GET"]}}],"collection":[{"href":"https:\/\/www.printings-n.com\/fr_fr\/wp-json\/wp\/v2\/product"}],"about":[{"href":"https:\/\/www.printings-n.com\/fr_fr\/wp-json\/wp\/v2\/types\/product"}],"replies":[{"embeddable":true,"href":"https:\/\/www.printings-n.com\/fr_fr\/wp-json\/wp\/v2\/comments?post=4039"}],"wp:featuredmedia":[{"embeddable":true,"href":"https:\/\/www.printings-n.com\/fr_fr\/wp-json\/wp\/v2\/media\/4040"}],"wp:attachment":[{"href":"https:\/\/www.printings-n.com\/fr_fr\/wp-json\/wp\/v2\/media?parent=4039"}],"wp:term":[{"taxonomy":"product_brand","embeddable":true,"href":"https:\/\/www.printings-n.com\/fr_fr\/wp-json\/wp\/v2\/product_brand?post=4039"},{"taxonomy":"product_cat","embeddable":true,"href":"https:\/\/www.printings-n.com\/fr_fr\/wp-json\/wp\/v2\/product_cat?post=4039"},{"taxonomy":"product_tag","embeddable":true,"href":"https:\/\/www.printings-n.com\/fr_fr\/wp-json\/wp\/v2\/product_tag?post=4039"}],"curies":[{"name":"wp","href":"https:\/\/api.w.org\/{rel}","templated":true}]}}