{"id":4037,"date":"2024-12-01T09:02:00","date_gmt":"2024-12-01T09:02:00","guid":{"rendered":"https:\/\/www.printings-n.com\/produit\/sac-a-cordon-non-tisse-evergreennonwovendrawstring\/"},"modified":"2024-12-01T09:02:01","modified_gmt":"2024-12-01T09:02:01","slug":"sac-a-cordon-non-tisse-evergreennonwovendrawstring","status":"publish","type":"product","link":"https:\/\/www.printings-n.com\/fr_fr\/produit\/sac-a-cordon-non-tisse-evergreennonwovendrawstring\/","title":{"rendered":"Sac \u00e0 cordon non tiss\u00e9"},"content":{"rendered":"<p>Augmentez la visibilit\u00e9 de votre marque avec le Sac \u00e0 cordon non tiss\u00e9 ! La grande surface d&#039;impression offre suffisamment d&#039;espace pour votre logo ou votre message promotionnel. Durable et polyvalent, ce sac \u00e0 cordon d&#039;une capacit\u00e9 de 5 litres est parfait pour les campagnes promotionnelles.<\/p>\n","protected":false},"excerpt":{"rendered":"<p>Augmentez la visibilit\u00e9 de votre marque avec le Sac \u00e0 cordon non tiss\u00e9 ! La grande surface d&#039;impression offre suffisamment d&#039;espace pour votre logo ou votre message promotionnel. Durable et polyvalent, ce sac \u00e0 cordon d&#039;une capacit\u00e9 de 5 litres est parfait pour les campagnes promotionnelles.<\/p>\n","protected":false},"featured_media":4038,"comment_status":"open","ping_status":"closed","template":"","meta":[],"product_brand":[],"product_cat":[102],"product_tag":[],"class_list":{"0":"post-4037","1":"product","2":"type-product","3":"status-publish","4":"has-post-thumbnail","6":"product_cat-sacs","8":"first","9":"instock","10":"taxable","11":"shipping-taxable","12":"product-type-simple"},"_links":{"self":[{"href":"https:\/\/www.printings-n.com\/fr_fr\/wp-json\/wp\/v2\/product\/4037","targetHints":{"allow":["GET"]}}],"collection":[{"href":"https:\/\/www.printings-n.com\/fr_fr\/wp-json\/wp\/v2\/product"}],"about":[{"href":"https:\/\/www.printings-n.com\/fr_fr\/wp-json\/wp\/v2\/types\/product"}],"replies":[{"embeddable":true,"href":"https:\/\/www.printings-n.com\/fr_fr\/wp-json\/wp\/v2\/comments?post=4037"}],"wp:featuredmedia":[{"embeddable":true,"href":"https:\/\/www.printings-n.com\/fr_fr\/wp-json\/wp\/v2\/media\/4038"}],"wp:attachment":[{"href":"https:\/\/www.printings-n.com\/fr_fr\/wp-json\/wp\/v2\/media?parent=4037"}],"wp:term":[{"taxonomy":"product_brand","embeddable":true,"href":"https:\/\/www.printings-n.com\/fr_fr\/wp-json\/wp\/v2\/product_brand?post=4037"},{"taxonomy":"product_cat","embeddable":true,"href":"https:\/\/www.printings-n.com\/fr_fr\/wp-json\/wp\/v2\/product_cat?post=4037"},{"taxonomy":"product_tag","embeddable":true,"href":"https:\/\/www.printings-n.com\/fr_fr\/wp-json\/wp\/v2\/product_tag?post=4037"}],"curies":[{"name":"wp","href":"https:\/\/api.w.org\/{rel}","templated":true}]}}