{"id":3963,"date":"2024-12-01T08:59:19","date_gmt":"2024-12-01T08:59:19","guid":{"rendered":"https:\/\/www.printings-n.com\/produit\/vinga-sloane-rcs-rpet-sac-de-week-end-vingasloanercsrpetweekenderbag\/"},"modified":"2024-12-01T08:59:20","modified_gmt":"2024-12-01T08:59:20","slug":"vinga-sloane-rcs-rpet-sac-de-week-end-vingasloanercsrpetweekenderbag","status":"publish","type":"product","link":"https:\/\/www.printings-n.com\/fr_fr\/produit\/vinga-sloane-rcs-rpet-sac-de-week-end-vingasloanercsrpetweekenderbag\/","title":{"rendered":"Vinga Sloane RCS RPET Sac de week-end"},"content":{"rendered":"<p>Sac de week-end VINGA Sloane : Compagnon d&#039;escapade \u00e9cologique.&lt;br&gt;Pr\u00e9parez vos aventures du week-end avec ce sac de week-end \u00e9cologique. Fabriqu\u00e9 \u00e0 partir de 35 % de polyester recycl\u00e9 v\u00e9rifi\u00e9, il est non seulement robuste, mais aussi respectueux de la plan\u00e8te.&lt;br&gt;Dot\u00e9 d&#039;une bandouli\u00e8re r\u00e9glable, il vous promet le confort lors de vos d\u00e9placements. Id\u00e9al pour les courtes pauses ou les visites \u00e0 la salle de sport, c&#039;est votre fid\u00e8le alli\u00e9 de voyage qui garde vos essentiels en s\u00e9curit\u00e9 tout en soutenant les pratiques durables.<\/p>\n","protected":false},"excerpt":{"rendered":"<p>Sac de week-end VINGA Sloane : Compagnon d&#039;escapade \u00e9cologique.&lt;br&gt;Pr\u00e9parez vos aventures du week-end avec ce sac de week-end \u00e9cologique. Fabriqu\u00e9 \u00e0 partir de 35 % de polyester recycl\u00e9 v\u00e9rifi\u00e9, il est non seulement robuste, mais aussi respectueux de la plan\u00e8te.&lt;br&gt;Dot\u00e9 d&#039;une bandouli\u00e8re r\u00e9glable, il vous promet le confort lors de vos d\u00e9placements. Id\u00e9al pour les [&hellip;]<\/p>\n","protected":false},"featured_media":3965,"comment_status":"open","ping_status":"closed","template":"","meta":[],"product_brand":[],"product_cat":[102],"product_tag":[],"class_list":{"0":"post-3963","1":"product","2":"type-product","3":"status-publish","4":"has-post-thumbnail","6":"product_cat-sacs","8":"first","9":"instock","10":"taxable","11":"shipping-taxable","12":"product-type-simple"},"_links":{"self":[{"href":"https:\/\/www.printings-n.com\/fr_fr\/wp-json\/wp\/v2\/product\/3963","targetHints":{"allow":["GET"]}}],"collection":[{"href":"https:\/\/www.printings-n.com\/fr_fr\/wp-json\/wp\/v2\/product"}],"about":[{"href":"https:\/\/www.printings-n.com\/fr_fr\/wp-json\/wp\/v2\/types\/product"}],"replies":[{"embeddable":true,"href":"https:\/\/www.printings-n.com\/fr_fr\/wp-json\/wp\/v2\/comments?post=3963"}],"wp:featuredmedia":[{"embeddable":true,"href":"https:\/\/www.printings-n.com\/fr_fr\/wp-json\/wp\/v2\/media\/3965"}],"wp:attachment":[{"href":"https:\/\/www.printings-n.com\/fr_fr\/wp-json\/wp\/v2\/media?parent=3963"}],"wp:term":[{"taxonomy":"product_brand","embeddable":true,"href":"https:\/\/www.printings-n.com\/fr_fr\/wp-json\/wp\/v2\/product_brand?post=3963"},{"taxonomy":"product_cat","embeddable":true,"href":"https:\/\/www.printings-n.com\/fr_fr\/wp-json\/wp\/v2\/product_cat?post=3963"},{"taxonomy":"product_tag","embeddable":true,"href":"https:\/\/www.printings-n.com\/fr_fr\/wp-json\/wp\/v2\/product_tag?post=3963"}],"curies":[{"name":"wp","href":"https:\/\/api.w.org\/{rel}","templated":true}]}}