{"id":3960,"date":"2024-12-01T08:59:12","date_gmt":"2024-12-01T08:59:12","guid":{"rendered":"https:\/\/www.printings-n.com\/produit\/sac-de-week-end-recycle-vinga-bermond-rcs-vingabermondrcsrecycledpuweekendbag\/"},"modified":"2024-12-01T08:59:13","modified_gmt":"2024-12-01T08:59:13","slug":"sac-de-week-end-recycle-vinga-bermond-rcs-vingabermondrcsrecycledpuweekendbag","status":"publish","type":"product","link":"https:\/\/www.printings-n.com\/fr_fr\/produit\/sac-de-week-end-recycle-vinga-bermond-rcs-vingabermondrcsrecycledpuweekendbag\/","title":{"rendered":"Sac de week-end recycl\u00e9 Vinga Bermond RCS"},"content":{"rendered":"<p>Adoptez les voyages \u00e9cologiques avec cet \u00e9l\u00e9gant sac de week-end. Fabriqu\u00e9 en PU recycl\u00e9 certifi\u00e9 RCS, il est aussi durable que chic. La fermeture \u00e9clair astucieuse offre un acc\u00e8s large et facile, tandis que la poign\u00e9e confortable et la bandouli\u00e8re r\u00e9glable garantissent la polyvalence pour tous vos d\u00e9placements. M\u00e9lange de style et de responsabilit\u00e9, c&#039;est le choix parfait pour les voyageurs soucieux de l&#039;environnement.<\/p>\n","protected":false},"excerpt":{"rendered":"<p>Adoptez les voyages \u00e9cologiques avec cet \u00e9l\u00e9gant sac de week-end. Fabriqu\u00e9 en PU recycl\u00e9 certifi\u00e9 RCS, il est aussi durable que chic. La fermeture \u00e9clair astucieuse offre un acc\u00e8s large et facile, tandis que la poign\u00e9e confortable et la bandouli\u00e8re r\u00e9glable garantissent la polyvalence pour tous vos d\u00e9placements. M\u00e9lange de style et de responsabilit\u00e9, c&#039;est [&hellip;]<\/p>\n","protected":false},"featured_media":3961,"comment_status":"open","ping_status":"closed","template":"","meta":[],"product_brand":[],"product_cat":[102],"product_tag":[],"class_list":{"0":"post-3960","1":"product","2":"type-product","3":"status-publish","4":"has-post-thumbnail","6":"product_cat-sacs","8":"first","9":"instock","10":"taxable","11":"shipping-taxable","12":"product-type-simple"},"_links":{"self":[{"href":"https:\/\/www.printings-n.com\/fr_fr\/wp-json\/wp\/v2\/product\/3960","targetHints":{"allow":["GET"]}}],"collection":[{"href":"https:\/\/www.printings-n.com\/fr_fr\/wp-json\/wp\/v2\/product"}],"about":[{"href":"https:\/\/www.printings-n.com\/fr_fr\/wp-json\/wp\/v2\/types\/product"}],"replies":[{"embeddable":true,"href":"https:\/\/www.printings-n.com\/fr_fr\/wp-json\/wp\/v2\/comments?post=3960"}],"wp:featuredmedia":[{"embeddable":true,"href":"https:\/\/www.printings-n.com\/fr_fr\/wp-json\/wp\/v2\/media\/3961"}],"wp:attachment":[{"href":"https:\/\/www.printings-n.com\/fr_fr\/wp-json\/wp\/v2\/media?parent=3960"}],"wp:term":[{"taxonomy":"product_brand","embeddable":true,"href":"https:\/\/www.printings-n.com\/fr_fr\/wp-json\/wp\/v2\/product_brand?post=3960"},{"taxonomy":"product_cat","embeddable":true,"href":"https:\/\/www.printings-n.com\/fr_fr\/wp-json\/wp\/v2\/product_cat?post=3960"},{"taxonomy":"product_tag","embeddable":true,"href":"https:\/\/www.printings-n.com\/fr_fr\/wp-json\/wp\/v2\/product_tag?post=3960"}],"curies":[{"name":"wp","href":"https:\/\/api.w.org\/{rel}","templated":true}]}}