{"id":3944,"date":"2024-12-01T08:58:39","date_gmt":"2024-12-01T08:58:39","guid":{"rendered":"https:\/\/www.printings-n.com\/produit\/sac-week-end-au-pu-doux-smoothpuweekendduffle\/"},"modified":"2024-12-01T08:58:39","modified_gmt":"2024-12-01T08:58:39","slug":"sac-week-end-au-pu-doux-smoothpuweekendduffle","status":"publish","type":"product","link":"https:\/\/www.printings-n.com\/fr_fr\/produit\/sac-week-end-au-pu-doux-smoothpuweekendduffle\/","title":{"rendered":"Sac week-end au PU doux"},"content":{"rendered":"<p>Faites remarquer votre marque avec Sac week-end au PU doux! Ce sac au design minimaliste est dot\u00e9 d&#039;une poche ext\u00e9rieure sur le devant, d&#039;une poche int\u00e9rieure et d&#039;un grand compartiment principal. De plus, il contient un compartiment \u00e0 chaussures pratique sur le c\u00f4t\u00e9, ce qui en fait le sac id\u00e9al pour les voyages ! Il peut \u00eatre port\u00e9 \u00e0 l&#039;\u00e9paule ou \u00e0 la main, selon ce qui vous semble le plus confortable. Choisissez votre couleur pr\u00e9f\u00e9r\u00e9e et cr\u00e9ez vos propres sacs d\u00e8s maintenant !<\/p>\n","protected":false},"excerpt":{"rendered":"<p>Faites remarquer votre marque avec Sac week-end au PU doux! Ce sac au design minimaliste est dot\u00e9 d&#039;une poche ext\u00e9rieure sur le devant, d&#039;une poche int\u00e9rieure et d&#039;un grand compartiment principal. De plus, il contient un compartiment \u00e0 chaussures pratique sur le c\u00f4t\u00e9, ce qui en fait le sac id\u00e9al pour les voyages ! Il [&hellip;]<\/p>\n","protected":false},"featured_media":3945,"comment_status":"open","ping_status":"closed","template":"","meta":[],"product_brand":[],"product_cat":[102],"product_tag":[],"class_list":{"0":"post-3944","1":"product","2":"type-product","3":"status-publish","4":"has-post-thumbnail","6":"product_cat-sacs","8":"first","9":"instock","10":"taxable","11":"shipping-taxable","12":"product-type-simple"},"_links":{"self":[{"href":"https:\/\/www.printings-n.com\/fr_fr\/wp-json\/wp\/v2\/product\/3944","targetHints":{"allow":["GET"]}}],"collection":[{"href":"https:\/\/www.printings-n.com\/fr_fr\/wp-json\/wp\/v2\/product"}],"about":[{"href":"https:\/\/www.printings-n.com\/fr_fr\/wp-json\/wp\/v2\/types\/product"}],"replies":[{"embeddable":true,"href":"https:\/\/www.printings-n.com\/fr_fr\/wp-json\/wp\/v2\/comments?post=3944"}],"wp:featuredmedia":[{"embeddable":true,"href":"https:\/\/www.printings-n.com\/fr_fr\/wp-json\/wp\/v2\/media\/3945"}],"wp:attachment":[{"href":"https:\/\/www.printings-n.com\/fr_fr\/wp-json\/wp\/v2\/media?parent=3944"}],"wp:term":[{"taxonomy":"product_brand","embeddable":true,"href":"https:\/\/www.printings-n.com\/fr_fr\/wp-json\/wp\/v2\/product_brand?post=3944"},{"taxonomy":"product_cat","embeddable":true,"href":"https:\/\/www.printings-n.com\/fr_fr\/wp-json\/wp\/v2\/product_cat?post=3944"},{"taxonomy":"product_tag","embeddable":true,"href":"https:\/\/www.printings-n.com\/fr_fr\/wp-json\/wp\/v2\/product_tag?post=3944"}],"curies":[{"name":"wp","href":"https:\/\/api.w.org\/{rel}","templated":true}]}}