{"id":3926,"date":"2024-12-01T08:57:54","date_gmt":"2024-12-01T08:57:54","guid":{"rendered":"https:\/\/www.printings-n.com\/produit\/sacs-kraft-avec-interieur-blanc-kraftbagswithrib-2\/"},"modified":"2024-12-01T08:57:55","modified_gmt":"2024-12-01T08:57:55","slug":"sacs-kraft-avec-interieur-blanc-kraftbagswithrib-2","status":"publish","type":"product","link":"https:\/\/www.printings-n.com\/fr_fr\/produit\/sacs-kraft-avec-interieur-blanc-kraftbagswithrib-2\/","title":{"rendered":"Sacs kraft avec int\u00e9rieur blanc"},"content":{"rendered":"<p>Sortez du lot avec le [site_name] de {{prpoduct_name}}!  Ces sacs \u00e9cologiques remplacent \u00e9l\u00e9gamment les sacs en plastique. Ils peuvent \u00eatre utilis\u00e9s pour des achats l\u00e9gers, des cadeaux ou des sacs \u00e0 surprises lors de foires commerciales &#8211; tout ce que vous voulez ! Commandez d\u00e8s maintenant un produit polyvalent qui attirera l&#039;attention des passants. Renforcez votre marque en imprimant votre logo personnalis\u00e9 en 3 couleurs maximum sur une ou deux faces du sac.&lt;br&gt;<\/p>\n<p>Veuillez noter que la taille maximale de l&#039;impression varie en fonction de la taille du sac s\u00e9lectionn\u00e9. Veuillez consulter les sp\u00e9cifications du produit pour plus de d\u00e9tails.<\/p>\n","protected":false},"excerpt":{"rendered":"<p>Sortez du lot avec le [site_name] de {{prpoduct_name}}! Ces sacs \u00e9cologiques remplacent \u00e9l\u00e9gamment les sacs en plastique. Ils peuvent \u00eatre utilis\u00e9s pour des achats l\u00e9gers, des cadeaux ou des sacs \u00e0 surprises lors de foires commerciales &#8211; tout ce que vous voulez ! Commandez d\u00e8s maintenant un produit polyvalent qui attirera l&#039;attention des passants. Renforcez [&hellip;]<\/p>\n","protected":false},"featured_media":3927,"comment_status":"open","ping_status":"closed","template":"","meta":[],"product_brand":[],"product_cat":[102],"product_tag":[],"class_list":{"0":"post-3926","1":"product","2":"type-product","3":"status-publish","4":"has-post-thumbnail","6":"product_cat-sacs","8":"first","9":"instock","10":"taxable","11":"shipping-taxable","12":"product-type-simple"},"_links":{"self":[{"href":"https:\/\/www.printings-n.com\/fr_fr\/wp-json\/wp\/v2\/product\/3926","targetHints":{"allow":["GET"]}}],"collection":[{"href":"https:\/\/www.printings-n.com\/fr_fr\/wp-json\/wp\/v2\/product"}],"about":[{"href":"https:\/\/www.printings-n.com\/fr_fr\/wp-json\/wp\/v2\/types\/product"}],"replies":[{"embeddable":true,"href":"https:\/\/www.printings-n.com\/fr_fr\/wp-json\/wp\/v2\/comments?post=3926"}],"wp:featuredmedia":[{"embeddable":true,"href":"https:\/\/www.printings-n.com\/fr_fr\/wp-json\/wp\/v2\/media\/3927"}],"wp:attachment":[{"href":"https:\/\/www.printings-n.com\/fr_fr\/wp-json\/wp\/v2\/media?parent=3926"}],"wp:term":[{"taxonomy":"product_brand","embeddable":true,"href":"https:\/\/www.printings-n.com\/fr_fr\/wp-json\/wp\/v2\/product_brand?post=3926"},{"taxonomy":"product_cat","embeddable":true,"href":"https:\/\/www.printings-n.com\/fr_fr\/wp-json\/wp\/v2\/product_cat?post=3926"},{"taxonomy":"product_tag","embeddable":true,"href":"https:\/\/www.printings-n.com\/fr_fr\/wp-json\/wp\/v2\/product_tag?post=3926"}],"curies":[{"name":"wp","href":"https:\/\/api.w.org\/{rel}","templated":true}]}}