{"id":3922,"date":"2024-12-01T08:57:41","date_gmt":"2024-12-01T08:57:41","guid":{"rendered":"https:\/\/www.printings-n.com\/produit\/sacs-kraft-lisses-kraftbagsnonrib-2\/"},"modified":"2024-12-01T08:57:42","modified_gmt":"2024-12-01T08:57:42","slug":"sacs-kraft-lisses-kraftbagsnonrib-2","status":"publish","type":"product","link":"https:\/\/www.printings-n.com\/fr_fr\/produit\/sacs-kraft-lisses-kraftbagsnonrib-2\/","title":{"rendered":"Sacs kraft lisses"},"content":{"rendered":"<p>Le sac en papier kraft est tr\u00e8s tendance ces derniers temps ! Ses avantages ? \u00c9co-responsable, durable, apparence soign\u00e9e, mais surtout il est le meilleur rempla\u00e7ant du sac plastique ! Ce sac en papier kraft lisse mettra vraiment votre logo et votre visuel en valeur afin que tous vos potentiels clients connaissent votre marque. Ses poign\u00e9es torsad\u00e9es et son impression PMS de qualit\u00e9 feront de ce sac kraft lisse, le nouvel atout de votre boutique. Commandez les votres d\u00e8s maintenant avec [site_name], la bonne impression tout simplement. &lt;br&gt;<br \/>\nVeuillez noter que la taille maximale de l&#039;impression varie en fonction de la taille du sac s\u00e9lectionn\u00e9. Veuillez consulter les sp\u00e9cifications du produit pour plus de d\u00e9tails.<\/p>\n","protected":false},"excerpt":{"rendered":"<p>Le sac en papier kraft est tr\u00e8s tendance ces derniers temps ! Ses avantages ? \u00c9co-responsable, durable, apparence soign\u00e9e, mais surtout il est le meilleur rempla\u00e7ant du sac plastique ! Ce sac en papier kraft lisse mettra vraiment votre logo et votre visuel en valeur afin que tous vos potentiels clients connaissent votre marque. Ses [&hellip;]<\/p>\n","protected":false},"featured_media":3923,"comment_status":"open","ping_status":"closed","template":"","meta":[],"product_brand":[],"product_cat":[102],"product_tag":[],"class_list":{"0":"post-3922","1":"product","2":"type-product","3":"status-publish","4":"has-post-thumbnail","6":"product_cat-sacs","8":"first","9":"instock","10":"taxable","11":"shipping-taxable","12":"product-type-simple"},"_links":{"self":[{"href":"https:\/\/www.printings-n.com\/fr_fr\/wp-json\/wp\/v2\/product\/3922","targetHints":{"allow":["GET"]}}],"collection":[{"href":"https:\/\/www.printings-n.com\/fr_fr\/wp-json\/wp\/v2\/product"}],"about":[{"href":"https:\/\/www.printings-n.com\/fr_fr\/wp-json\/wp\/v2\/types\/product"}],"replies":[{"embeddable":true,"href":"https:\/\/www.printings-n.com\/fr_fr\/wp-json\/wp\/v2\/comments?post=3922"}],"wp:featuredmedia":[{"embeddable":true,"href":"https:\/\/www.printings-n.com\/fr_fr\/wp-json\/wp\/v2\/media\/3923"}],"wp:attachment":[{"href":"https:\/\/www.printings-n.com\/fr_fr\/wp-json\/wp\/v2\/media?parent=3922"}],"wp:term":[{"taxonomy":"product_brand","embeddable":true,"href":"https:\/\/www.printings-n.com\/fr_fr\/wp-json\/wp\/v2\/product_brand?post=3922"},{"taxonomy":"product_cat","embeddable":true,"href":"https:\/\/www.printings-n.com\/fr_fr\/wp-json\/wp\/v2\/product_cat?post=3922"},{"taxonomy":"product_tag","embeddable":true,"href":"https:\/\/www.printings-n.com\/fr_fr\/wp-json\/wp\/v2\/product_tag?post=3922"}],"curies":[{"name":"wp","href":"https:\/\/api.w.org\/{rel}","templated":true}]}}