{"id":3717,"date":"2024-11-30T23:21:08","date_gmt":"2024-11-30T23:21:08","guid":{"rendered":"https:\/\/www.printings-n.com\/produit\/carnet-de-notes-a5-bambou-avec-crayon-infini-bamboonotebookinfinitypencilset\/"},"modified":"2024-11-30T23:21:09","modified_gmt":"2024-11-30T23:21:09","slug":"carnet-de-notes-a5-bambou-avec-crayon-infini-bamboonotebookinfinitypencilset","status":"publish","type":"product","link":"https:\/\/www.printings-n.com\/fr_fr\/produit\/carnet-de-notes-a5-bambou-avec-crayon-infini-bamboonotebookinfinitypencilset\/","title":{"rendered":"Carnet de notes A5 Bambou avec crayon infini"},"content":{"rendered":"<p>Fabriqu\u00e9 en bambou respectueux de l&#039;environnement, ce carnet de notes comporte 160 pages lign\u00e9es en papier recycl\u00e9 de 70 g. Il est accompagn\u00e9 d&#039;un crayon infini d&#039;une long\u00e9vit\u00e9 remarquable. La pointe en graphite a une longueur d&#039;\u00e9criture allant jusqu&#039;\u00e0 environ 20 000 m\u00e8tres, offrant une sensation d&#039;\u00e9criture semblable \u00e0 celle d&#039;un crayon avec des marques effa\u00e7ables.<\/p>\n","protected":false},"excerpt":{"rendered":"<p>Fabriqu\u00e9 en bambou respectueux de l&#039;environnement, ce carnet de notes comporte 160 pages lign\u00e9es en papier recycl\u00e9 de 70 g. Il est accompagn\u00e9 d&#039;un crayon infini d&#039;une long\u00e9vit\u00e9 remarquable. La pointe en graphite a une longueur d&#039;\u00e9criture allant jusqu&#039;\u00e0 environ 20 000 m\u00e8tres, offrant une sensation d&#039;\u00e9criture semblable \u00e0 celle d&#039;un crayon avec des marques [&hellip;]<\/p>\n","protected":false},"featured_media":3718,"comment_status":"open","ping_status":"closed","template":"","meta":[],"product_brand":[],"product_cat":[88],"product_tag":[],"class_list":{"0":"post-3717","1":"product","2":"type-product","3":"status-publish","4":"has-post-thumbnail","6":"product_cat-carnets-cahiers","8":"first","9":"instock","10":"taxable","11":"shipping-taxable","12":"product-type-simple"},"_links":{"self":[{"href":"https:\/\/www.printings-n.com\/fr_fr\/wp-json\/wp\/v2\/product\/3717","targetHints":{"allow":["GET"]}}],"collection":[{"href":"https:\/\/www.printings-n.com\/fr_fr\/wp-json\/wp\/v2\/product"}],"about":[{"href":"https:\/\/www.printings-n.com\/fr_fr\/wp-json\/wp\/v2\/types\/product"}],"replies":[{"embeddable":true,"href":"https:\/\/www.printings-n.com\/fr_fr\/wp-json\/wp\/v2\/comments?post=3717"}],"wp:featuredmedia":[{"embeddable":true,"href":"https:\/\/www.printings-n.com\/fr_fr\/wp-json\/wp\/v2\/media\/3718"}],"wp:attachment":[{"href":"https:\/\/www.printings-n.com\/fr_fr\/wp-json\/wp\/v2\/media?parent=3717"}],"wp:term":[{"taxonomy":"product_brand","embeddable":true,"href":"https:\/\/www.printings-n.com\/fr_fr\/wp-json\/wp\/v2\/product_brand?post=3717"},{"taxonomy":"product_cat","embeddable":true,"href":"https:\/\/www.printings-n.com\/fr_fr\/wp-json\/wp\/v2\/product_cat?post=3717"},{"taxonomy":"product_tag","embeddable":true,"href":"https:\/\/www.printings-n.com\/fr_fr\/wp-json\/wp\/v2\/product_tag?post=3717"}],"curies":[{"name":"wp","href":"https:\/\/api.w.org\/{rel}","templated":true}]}}