{"id":3649,"date":"2024-11-30T23:18:49","date_gmt":"2024-11-30T23:18:49","guid":{"rendered":"https:\/\/www.printings-n.com\/produit\/carnet-de-notes-a5-impact-a-couverture-rigide-a5impactstonepaperhardcovernotebook\/"},"modified":"2024-11-30T23:18:49","modified_gmt":"2024-11-30T23:18:49","slug":"carnet-de-notes-a5-impact-a-couverture-rigide-a5impactstonepaperhardcovernotebook","status":"publish","type":"product","link":"https:\/\/www.printings-n.com\/fr_fr\/produit\/carnet-de-notes-a5-impact-a-couverture-rigide-a5impactstonepaperhardcovernotebook\/","title":{"rendered":"Carnet de notes A5 Impact \u00e0 couverture rigide"},"content":{"rendered":"<p>Contribuez \u00e0 la pr\u00e9servation des for\u00eats en r\u00e9duisant la d\u00e9forestation gr\u00e2ce \u00e0 ce Carnet de notes A5 Impact \u00e0 couverture rigide de qualit\u00e9. La texture douce et soyeuse du papier pierre offre une exp\u00e9rience d&#039;\u00e9criture ultra douce. M\u00eame la couverture personnalisable est enti\u00e8rement compos\u00e9e de papier pierre, contribuant ainsi aux efforts de conservation de l&#039;eau !<\/p>\n","protected":false},"excerpt":{"rendered":"<p>Contribuez \u00e0 la pr\u00e9servation des for\u00eats en r\u00e9duisant la d\u00e9forestation gr\u00e2ce \u00e0 ce Carnet de notes A5 Impact \u00e0 couverture rigide de qualit\u00e9. La texture douce et soyeuse du papier pierre offre une exp\u00e9rience d&#039;\u00e9criture ultra douce. M\u00eame la couverture personnalisable est enti\u00e8rement compos\u00e9e de papier pierre, contribuant ainsi aux efforts de conservation de l&#039;eau [&hellip;]<\/p>\n","protected":false},"featured_media":3650,"comment_status":"open","ping_status":"closed","template":"","meta":[],"product_brand":[],"product_cat":[88],"product_tag":[],"class_list":{"0":"post-3649","1":"product","2":"type-product","3":"status-publish","4":"has-post-thumbnail","6":"product_cat-carnets-cahiers","8":"first","9":"instock","10":"taxable","11":"shipping-taxable","12":"product-type-simple"},"_links":{"self":[{"href":"https:\/\/www.printings-n.com\/fr_fr\/wp-json\/wp\/v2\/product\/3649","targetHints":{"allow":["GET"]}}],"collection":[{"href":"https:\/\/www.printings-n.com\/fr_fr\/wp-json\/wp\/v2\/product"}],"about":[{"href":"https:\/\/www.printings-n.com\/fr_fr\/wp-json\/wp\/v2\/types\/product"}],"replies":[{"embeddable":true,"href":"https:\/\/www.printings-n.com\/fr_fr\/wp-json\/wp\/v2\/comments?post=3649"}],"wp:featuredmedia":[{"embeddable":true,"href":"https:\/\/www.printings-n.com\/fr_fr\/wp-json\/wp\/v2\/media\/3650"}],"wp:attachment":[{"href":"https:\/\/www.printings-n.com\/fr_fr\/wp-json\/wp\/v2\/media?parent=3649"}],"wp:term":[{"taxonomy":"product_brand","embeddable":true,"href":"https:\/\/www.printings-n.com\/fr_fr\/wp-json\/wp\/v2\/product_brand?post=3649"},{"taxonomy":"product_cat","embeddable":true,"href":"https:\/\/www.printings-n.com\/fr_fr\/wp-json\/wp\/v2\/product_cat?post=3649"},{"taxonomy":"product_tag","embeddable":true,"href":"https:\/\/www.printings-n.com\/fr_fr\/wp-json\/wp\/v2\/product_tag?post=3649"}],"curies":[{"name":"wp","href":"https:\/\/api.w.org\/{rel}","templated":true}]}}