{"id":3643,"date":"2024-11-30T23:18:37","date_gmt":"2024-11-30T23:18:37","guid":{"rendered":"https:\/\/www.printings-n.com\/produit\/carnet-de-notes-a5-premium-a-couverture-rigide-a5hardcovernotebook\/"},"modified":"2024-11-30T23:18:37","modified_gmt":"2024-11-30T23:18:37","slug":"carnet-de-notes-a5-premium-a-couverture-rigide-a5hardcovernotebook","status":"publish","type":"product","link":"https:\/\/www.printings-n.com\/fr_fr\/produit\/carnet-de-notes-a5-premium-a-couverture-rigide-a5hardcovernotebook\/","title":{"rendered":"Carnet de notes A5 premium \u00e0 couverture rigide"},"content":{"rendered":"<p>Laissez libre cours \u00e0 votre cr\u00e9ativit\u00e9 et personnalisez la couverture de ce carnet de notes. Dot\u00e9 de 160 pages lign\u00e9es de couleur cr\u00e8me et d&#039;un ruban marque-page, il est pr\u00eat \u00e0 prendre vos notes et \u00e0 r\u00e9pondre \u00e0 vos besoins.<\/p>\n","protected":false},"excerpt":{"rendered":"<p>Laissez libre cours \u00e0 votre cr\u00e9ativit\u00e9 et personnalisez la couverture de ce carnet de notes. Dot\u00e9 de 160 pages lign\u00e9es de couleur cr\u00e8me et d&#039;un ruban marque-page, il est pr\u00eat \u00e0 prendre vos notes et \u00e0 r\u00e9pondre \u00e0 vos besoins.<\/p>\n","protected":false},"featured_media":3644,"comment_status":"open","ping_status":"closed","template":"","meta":[],"product_brand":[],"product_cat":[88],"product_tag":[],"class_list":{"0":"post-3643","1":"product","2":"type-product","3":"status-publish","4":"has-post-thumbnail","6":"product_cat-carnets-cahiers","8":"first","9":"instock","10":"taxable","11":"shipping-taxable","12":"product-type-simple"},"_links":{"self":[{"href":"https:\/\/www.printings-n.com\/fr_fr\/wp-json\/wp\/v2\/product\/3643","targetHints":{"allow":["GET"]}}],"collection":[{"href":"https:\/\/www.printings-n.com\/fr_fr\/wp-json\/wp\/v2\/product"}],"about":[{"href":"https:\/\/www.printings-n.com\/fr_fr\/wp-json\/wp\/v2\/types\/product"}],"replies":[{"embeddable":true,"href":"https:\/\/www.printings-n.com\/fr_fr\/wp-json\/wp\/v2\/comments?post=3643"}],"wp:featuredmedia":[{"embeddable":true,"href":"https:\/\/www.printings-n.com\/fr_fr\/wp-json\/wp\/v2\/media\/3644"}],"wp:attachment":[{"href":"https:\/\/www.printings-n.com\/fr_fr\/wp-json\/wp\/v2\/media?parent=3643"}],"wp:term":[{"taxonomy":"product_brand","embeddable":true,"href":"https:\/\/www.printings-n.com\/fr_fr\/wp-json\/wp\/v2\/product_brand?post=3643"},{"taxonomy":"product_cat","embeddable":true,"href":"https:\/\/www.printings-n.com\/fr_fr\/wp-json\/wp\/v2\/product_cat?post=3643"},{"taxonomy":"product_tag","embeddable":true,"href":"https:\/\/www.printings-n.com\/fr_fr\/wp-json\/wp\/v2\/product_tag?post=3643"}],"curies":[{"name":"wp","href":"https:\/\/api.w.org\/{rel}","templated":true}]}}