{"id":3636,"date":"2024-11-30T23:18:25","date_gmt":"2024-11-30T23:18:25","guid":{"rendered":"https:\/\/www.printings-n.com\/produit\/carnet-a5-standard-a-couverture-souple-a5standardsoftcovernotebook\/"},"modified":"2024-11-30T23:18:26","modified_gmt":"2024-11-30T23:18:26","slug":"carnet-a5-standard-a-couverture-souple-a5standardsoftcovernotebook","status":"publish","type":"product","link":"https:\/\/www.printings-n.com\/fr_fr\/produit\/carnet-a5-standard-a-couverture-souple-a5standardsoftcovernotebook\/","title":{"rendered":"Carnet A5 standard \u00e0 couverture souple"},"content":{"rendered":"<p>D\u00e9couvrez le parfait m\u00e9lange parfait entre style et praticit\u00e9 avec ce Carnet A5 standard \u00e0 couverture souple. Personnalisez la couverture pour le rendre unique, ou ajoutez le logo de votre entreprise. Avec 92 pages lign\u00e9es en papier cr\u00e8me 80 g, ce carnet est parfait pour toutes vos prises de notes !<\/p>\n","protected":false},"excerpt":{"rendered":"<p>D\u00e9couvrez le parfait m\u00e9lange parfait entre style et praticit\u00e9 avec ce Carnet A5 standard \u00e0 couverture souple. Personnalisez la couverture pour le rendre unique, ou ajoutez le logo de votre entreprise. Avec 92 pages lign\u00e9es en papier cr\u00e8me 80 g, ce carnet est parfait pour toutes vos prises de notes !<\/p>\n","protected":false},"featured_media":3638,"comment_status":"open","ping_status":"closed","template":"","meta":[],"product_brand":[],"product_cat":[88],"product_tag":[],"class_list":{"0":"post-3636","1":"product","2":"type-product","3":"status-publish","4":"has-post-thumbnail","6":"product_cat-carnets-cahiers","8":"first","9":"instock","10":"taxable","11":"shipping-taxable","12":"product-type-simple"},"_links":{"self":[{"href":"https:\/\/www.printings-n.com\/fr_fr\/wp-json\/wp\/v2\/product\/3636","targetHints":{"allow":["GET"]}}],"collection":[{"href":"https:\/\/www.printings-n.com\/fr_fr\/wp-json\/wp\/v2\/product"}],"about":[{"href":"https:\/\/www.printings-n.com\/fr_fr\/wp-json\/wp\/v2\/types\/product"}],"replies":[{"embeddable":true,"href":"https:\/\/www.printings-n.com\/fr_fr\/wp-json\/wp\/v2\/comments?post=3636"}],"wp:featuredmedia":[{"embeddable":true,"href":"https:\/\/www.printings-n.com\/fr_fr\/wp-json\/wp\/v2\/media\/3638"}],"wp:attachment":[{"href":"https:\/\/www.printings-n.com\/fr_fr\/wp-json\/wp\/v2\/media?parent=3636"}],"wp:term":[{"taxonomy":"product_brand","embeddable":true,"href":"https:\/\/www.printings-n.com\/fr_fr\/wp-json\/wp\/v2\/product_brand?post=3636"},{"taxonomy":"product_cat","embeddable":true,"href":"https:\/\/www.printings-n.com\/fr_fr\/wp-json\/wp\/v2\/product_cat?post=3636"},{"taxonomy":"product_tag","embeddable":true,"href":"https:\/\/www.printings-n.com\/fr_fr\/wp-json\/wp\/v2\/product_tag?post=3636"}],"curies":[{"name":"wp","href":"https:\/\/api.w.org\/{rel}","templated":true}]}}