{"id":3633,"date":"2024-11-30T23:18:21","date_gmt":"2024-11-30T23:18:21","guid":{"rendered":"https:\/\/www.printings-n.com\/produit\/carnets-spectrum-a5-spectruma5hardcovernotebook\/"},"modified":"2024-11-30T23:18:22","modified_gmt":"2024-11-30T23:18:22","slug":"carnets-spectrum-a5-spectruma5hardcovernotebook","status":"publish","type":"product","link":"https:\/\/www.printings-n.com\/fr_fr\/produit\/carnets-spectrum-a5-spectruma5hardcovernotebook\/","title":{"rendered":"Carnets Spectrum A5"},"content":{"rendered":"<p>Nos Carnets Spectrum A5 sont le compagnon d&#039;\u00e9criture id\u00e9al, avec une pochette extensible pratique pour ranger des notes ou des documents suppl\u00e9mentaires. Il est dot\u00e9 d&#039;un design sophistiqu\u00e9, d&#039;une fermeture \u00e9lastique et de 96 feuilles de papier lign\u00e9. La pochette de la bo\u00eete-cadeau, fabriqu\u00e9e en carton et en simili-cuir, en fait un cadeau facile \u00e0 offrir \u00e0 tous vos clients et employ\u00e9s.<\/p>\n","protected":false},"excerpt":{"rendered":"<p>Nos Carnets Spectrum A5 sont le compagnon d&#039;\u00e9criture id\u00e9al, avec une pochette extensible pratique pour ranger des notes ou des documents suppl\u00e9mentaires. Il est dot\u00e9 d&#039;un design sophistiqu\u00e9, d&#039;une fermeture \u00e9lastique et de 96 feuilles de papier lign\u00e9. La pochette de la bo\u00eete-cadeau, fabriqu\u00e9e en carton et en simili-cuir, en fait un cadeau facile \u00e0 [&hellip;]<\/p>\n","protected":false},"featured_media":3634,"comment_status":"open","ping_status":"closed","template":"","meta":[],"product_brand":[],"product_cat":[88],"product_tag":[],"class_list":{"0":"post-3633","1":"product","2":"type-product","3":"status-publish","4":"has-post-thumbnail","6":"product_cat-carnets-cahiers","8":"first","9":"instock","10":"taxable","11":"shipping-taxable","12":"product-type-simple"},"_links":{"self":[{"href":"https:\/\/www.printings-n.com\/fr_fr\/wp-json\/wp\/v2\/product\/3633","targetHints":{"allow":["GET"]}}],"collection":[{"href":"https:\/\/www.printings-n.com\/fr_fr\/wp-json\/wp\/v2\/product"}],"about":[{"href":"https:\/\/www.printings-n.com\/fr_fr\/wp-json\/wp\/v2\/types\/product"}],"replies":[{"embeddable":true,"href":"https:\/\/www.printings-n.com\/fr_fr\/wp-json\/wp\/v2\/comments?post=3633"}],"wp:featuredmedia":[{"embeddable":true,"href":"https:\/\/www.printings-n.com\/fr_fr\/wp-json\/wp\/v2\/media\/3634"}],"wp:attachment":[{"href":"https:\/\/www.printings-n.com\/fr_fr\/wp-json\/wp\/v2\/media?parent=3633"}],"wp:term":[{"taxonomy":"product_brand","embeddable":true,"href":"https:\/\/www.printings-n.com\/fr_fr\/wp-json\/wp\/v2\/product_brand?post=3633"},{"taxonomy":"product_cat","embeddable":true,"href":"https:\/\/www.printings-n.com\/fr_fr\/wp-json\/wp\/v2\/product_cat?post=3633"},{"taxonomy":"product_tag","embeddable":true,"href":"https:\/\/www.printings-n.com\/fr_fr\/wp-json\/wp\/v2\/product_tag?post=3633"}],"curies":[{"name":"wp","href":"https:\/\/api.w.org\/{rel}","templated":true}]}}