{"id":3581,"date":"2024-11-30T23:14:52","date_gmt":"2024-11-30T23:14:52","guid":{"rendered":"https:\/\/www.printings-n.com\/produit\/polo-manches-longues-classique-bc-bandcmypolo210lsl5pu427u\/"},"modified":"2024-11-30T23:14:54","modified_gmt":"2024-11-30T23:14:54","slug":"polo-manches-longues-classique-bc-bandcmypolo210lsl5pu427u","status":"publish","type":"product","link":"https:\/\/www.printings-n.com\/fr_fr\/produit\/polo-manches-longues-classique-bc-bandcmypolo210lsl5pu427u\/","title":{"rendered":"Polo manches longues classique B&amp;C"},"content":{"rendered":"<p>Si vous recherchez un v\u00eatement moderne, intemporel et confortable, le Polo My 210 \u00e0 manches longues est fait pour vous ! Fabriqu\u00e9 \u00e0 partir d&#039;un tissu de haute qualit\u00e9, ce polo est un v\u00e9ritable classique. Le tissu doux et finement piqu\u00e9 \u00e0 haute densit\u00e9 assure une longue dur\u00e9e de vie au produit. Le design est compl\u00e9t\u00e9 par un col en c\u00f4tes 1&#215;1 impeccable qui conserve sa forme au fil du temps et une bande de renforcement au niveau des coutures des \u00e9paules. De plus, la bande visgraat premium au niveau du cou et les fentes lat\u00e9rales assurent un confort suppl\u00e9mentaire. Enfin, les boutons ton sur ton apportent une touche d&#039;\u00e9l\u00e9gance \u00e0 l&#039;ensemble. Un v\u00eatement polyvalent qui r\u00e9siste \u00e0 l&#039;\u00e9preuve du temps.<\/p>\n","protected":false},"excerpt":{"rendered":"<p>Si vous recherchez un v\u00eatement moderne, intemporel et confortable, le Polo My 210 \u00e0 manches longues est fait pour vous ! Fabriqu\u00e9 \u00e0 partir d&#039;un tissu de haute qualit\u00e9, ce polo est un v\u00e9ritable classique. Le tissu doux et finement piqu\u00e9 \u00e0 haute densit\u00e9 assure une longue dur\u00e9e de vie au produit. Le design est [&hellip;]<\/p>\n","protected":false},"featured_media":3582,"comment_status":"open","ping_status":"closed","template":"","meta":[],"product_brand":[],"product_cat":[86],"product_tag":[],"class_list":{"0":"post-3581","1":"product","2":"type-product","3":"status-publish","4":"has-post-thumbnail","6":"product_cat-chemises-polo","8":"first","9":"instock","10":"taxable","11":"shipping-taxable","12":"product-type-simple"},"_links":{"self":[{"href":"https:\/\/www.printings-n.com\/fr_fr\/wp-json\/wp\/v2\/product\/3581","targetHints":{"allow":["GET"]}}],"collection":[{"href":"https:\/\/www.printings-n.com\/fr_fr\/wp-json\/wp\/v2\/product"}],"about":[{"href":"https:\/\/www.printings-n.com\/fr_fr\/wp-json\/wp\/v2\/types\/product"}],"replies":[{"embeddable":true,"href":"https:\/\/www.printings-n.com\/fr_fr\/wp-json\/wp\/v2\/comments?post=3581"}],"wp:featuredmedia":[{"embeddable":true,"href":"https:\/\/www.printings-n.com\/fr_fr\/wp-json\/wp\/v2\/media\/3582"}],"wp:attachment":[{"href":"https:\/\/www.printings-n.com\/fr_fr\/wp-json\/wp\/v2\/media?parent=3581"}],"wp:term":[{"taxonomy":"product_brand","embeddable":true,"href":"https:\/\/www.printings-n.com\/fr_fr\/wp-json\/wp\/v2\/product_brand?post=3581"},{"taxonomy":"product_cat","embeddable":true,"href":"https:\/\/www.printings-n.com\/fr_fr\/wp-json\/wp\/v2\/product_cat?post=3581"},{"taxonomy":"product_tag","embeddable":true,"href":"https:\/\/www.printings-n.com\/fr_fr\/wp-json\/wp\/v2\/product_tag?post=3581"}],"curies":[{"name":"wp","href":"https:\/\/api.w.org\/{rel}","templated":true}]}}