{"id":3577,"date":"2024-11-30T23:14:39","date_gmt":"2024-11-30T23:14:39","guid":{"rendered":"https:\/\/www.printings-n.com\/produit\/polo-classique-bc-bandcmypolo2105pu426u\/"},"modified":"2024-11-30T23:14:41","modified_gmt":"2024-11-30T23:14:41","slug":"polo-classique-bc-bandcmypolo2105pu426u","status":"publish","type":"product","link":"https:\/\/www.printings-n.com\/fr_fr\/produit\/polo-classique-bc-bandcmypolo2105pu426u\/","title":{"rendered":"Polo classique B&amp;C"},"content":{"rendered":"<p>Si vous recherchez un polo confortable qui r\u00e9sistera \u00e0 l&#039;\u00e9preuve du temps, ne cherchez pas plus loin que notre Polo 210. Avec son tissu piqu\u00e9 doux et dense de haute qualit\u00e9, il assure un confort sup\u00e9rieur et une durabilit\u00e9 \u00e0 toute \u00e9preuve. La bande de renfort au niveau de la couture des \u00e9paules et le ruban \u00e0 chevrons de qualit\u00e9 sup\u00e9rieure au niveau du cou et des fentes lat\u00e9rales offrent un confort suppl\u00e9mentaire. Sa conception \u00e0 col c\u00f4tel\u00e9 1&#215;1 reste intacte m\u00eame apr\u00e8s des port\u00e9es r\u00e9p\u00e9t\u00e9es. Pour une touche finale moderne et subtile, les boutons ton sur ton sont le choix parfait. Que vous l&#039;examiniez de pr\u00e8s ou de loin, vous ne serez pas d\u00e9\u00e7u. C&#039;est un essentiel moderne et intemporel qui fera une excellente addition \u00e0 votre garde-robe!<\/p>\n","protected":false},"excerpt":{"rendered":"<p>Si vous recherchez un polo confortable qui r\u00e9sistera \u00e0 l&#039;\u00e9preuve du temps, ne cherchez pas plus loin que notre Polo 210. Avec son tissu piqu\u00e9 doux et dense de haute qualit\u00e9, il assure un confort sup\u00e9rieur et une durabilit\u00e9 \u00e0 toute \u00e9preuve. La bande de renfort au niveau de la couture des \u00e9paules et le [&hellip;]<\/p>\n","protected":false},"featured_media":3578,"comment_status":"open","ping_status":"closed","template":"","meta":[],"product_brand":[],"product_cat":[86],"product_tag":[],"class_list":{"0":"post-3577","1":"product","2":"type-product","3":"status-publish","4":"has-post-thumbnail","6":"product_cat-chemises-polo","8":"first","9":"instock","10":"taxable","11":"shipping-taxable","12":"product-type-simple"},"_links":{"self":[{"href":"https:\/\/www.printings-n.com\/fr_fr\/wp-json\/wp\/v2\/product\/3577","targetHints":{"allow":["GET"]}}],"collection":[{"href":"https:\/\/www.printings-n.com\/fr_fr\/wp-json\/wp\/v2\/product"}],"about":[{"href":"https:\/\/www.printings-n.com\/fr_fr\/wp-json\/wp\/v2\/types\/product"}],"replies":[{"embeddable":true,"href":"https:\/\/www.printings-n.com\/fr_fr\/wp-json\/wp\/v2\/comments?post=3577"}],"wp:featuredmedia":[{"embeddable":true,"href":"https:\/\/www.printings-n.com\/fr_fr\/wp-json\/wp\/v2\/media\/3578"}],"wp:attachment":[{"href":"https:\/\/www.printings-n.com\/fr_fr\/wp-json\/wp\/v2\/media?parent=3577"}],"wp:term":[{"taxonomy":"product_brand","embeddable":true,"href":"https:\/\/www.printings-n.com\/fr_fr\/wp-json\/wp\/v2\/product_brand?post=3577"},{"taxonomy":"product_cat","embeddable":true,"href":"https:\/\/www.printings-n.com\/fr_fr\/wp-json\/wp\/v2\/product_cat?post=3577"},{"taxonomy":"product_tag","embeddable":true,"href":"https:\/\/www.printings-n.com\/fr_fr\/wp-json\/wp\/v2\/product_tag?post=3577"}],"curies":[{"name":"wp","href":"https:\/\/api.w.org\/{rel}","templated":true}]}}