{"id":3574,"date":"2024-11-30T23:14:32","date_gmt":"2024-11-30T23:14:32","guid":{"rendered":"https:\/\/www.printings-n.com\/produit\/polo-sols-practice-solspractice811365m811366w\/"},"modified":"2024-11-30T23:14:33","modified_gmt":"2024-11-30T23:14:33","slug":"polo-sols-practice-solspractice811365m811366w","status":"publish","type":"product","link":"https:\/\/www.printings-n.com\/fr_fr\/produit\/polo-sols-practice-solspractice811365m811366w\/","title":{"rendered":"Polo Sol&#039;s Practice"},"content":{"rendered":"<p>C&#039;est bien plus qu&#039;un simple polo. Celui-ci a \u00e9t\u00e9 pens\u00e9 et \u00e9labor\u00e9 avec le souci du d\u00e9tail. Ce qui le rend unique : sa structure travaill\u00e9e en piqu\u00e9 et ses finitions soign\u00e9es telles que son col et ses poignets c\u00f4tel\u00e9s. Mais ce n&#039;est pas tout ! Notez l&#039;\u00e9l\u00e9gante bande de renforcement dans le cou et les touches de couleur contrastante sous le col et aux extr\u00e9mit\u00e9s des manches. Existant en versions pour hommes et pour femmes, ce polo est finalis\u00e9 avec une fermeture \u00e0 trois ou quatre boutons et un ourlet droit avec fentes lat\u00e9rales. Ce v\u00eatement, v\u00e9ritable atout, \u00e9lectrise votre look, que ce soit pour un style d\u00e9contract\u00e9 ou m\u00eame pour de la promotion haut de gamme. Un polo qui est dans une classe \u00e0 part !<\/p>\n","protected":false},"excerpt":{"rendered":"<p>C&#039;est bien plus qu&#039;un simple polo. Celui-ci a \u00e9t\u00e9 pens\u00e9 et \u00e9labor\u00e9 avec le souci du d\u00e9tail. Ce qui le rend unique : sa structure travaill\u00e9e en piqu\u00e9 et ses finitions soign\u00e9es telles que son col et ses poignets c\u00f4tel\u00e9s. Mais ce n&#039;est pas tout ! Notez l&#039;\u00e9l\u00e9gante bande de renforcement dans le cou et [&hellip;]<\/p>\n","protected":false},"featured_media":3575,"comment_status":"open","ping_status":"closed","template":"","meta":[],"product_brand":[],"product_cat":[86],"product_tag":[],"class_list":{"0":"post-3574","1":"product","2":"type-product","3":"status-publish","4":"has-post-thumbnail","6":"product_cat-chemises-polo","8":"first","9":"instock","10":"taxable","11":"shipping-taxable","12":"product-type-simple"},"_links":{"self":[{"href":"https:\/\/www.printings-n.com\/fr_fr\/wp-json\/wp\/v2\/product\/3574","targetHints":{"allow":["GET"]}}],"collection":[{"href":"https:\/\/www.printings-n.com\/fr_fr\/wp-json\/wp\/v2\/product"}],"about":[{"href":"https:\/\/www.printings-n.com\/fr_fr\/wp-json\/wp\/v2\/types\/product"}],"replies":[{"embeddable":true,"href":"https:\/\/www.printings-n.com\/fr_fr\/wp-json\/wp\/v2\/comments?post=3574"}],"wp:featuredmedia":[{"embeddable":true,"href":"https:\/\/www.printings-n.com\/fr_fr\/wp-json\/wp\/v2\/media\/3575"}],"wp:attachment":[{"href":"https:\/\/www.printings-n.com\/fr_fr\/wp-json\/wp\/v2\/media?parent=3574"}],"wp:term":[{"taxonomy":"product_brand","embeddable":true,"href":"https:\/\/www.printings-n.com\/fr_fr\/wp-json\/wp\/v2\/product_brand?post=3574"},{"taxonomy":"product_cat","embeddable":true,"href":"https:\/\/www.printings-n.com\/fr_fr\/wp-json\/wp\/v2\/product_cat?post=3574"},{"taxonomy":"product_tag","embeddable":true,"href":"https:\/\/www.printings-n.com\/fr_fr\/wp-json\/wp\/v2\/product_tag?post=3574"}],"curies":[{"name":"wp","href":"https:\/\/api.w.org\/{rel}","templated":true}]}}