{"id":3555,"date":"2024-11-30T23:13:55","date_gmt":"2024-11-30T23:13:55","guid":{"rendered":"https:\/\/www.printings-n.com\/produit\/polo-basique-en-tissu-melange-sols-poloprime200gsm\/"},"modified":"2024-11-30T23:13:57","modified_gmt":"2024-11-30T23:13:57","slug":"polo-basique-en-tissu-melange-sols-poloprime200gsm","status":"publish","type":"product","link":"https:\/\/www.printings-n.com\/fr_fr\/produit\/polo-basique-en-tissu-melange-sols-poloprime200gsm\/","title":{"rendered":"Polo basique en tissu m\u00e9lang\u00e9 Sol&#039;s"},"content":{"rendered":"<p>Notre Polo basique en tissu m\u00e9lang\u00e9 Sol&#039;s est con\u00e7u pour hommes et femmes. Fabriqu\u00e9 \u00e0 partir d&#039;un m\u00e9lange de coton et de polyester, ce mod\u00e8le classique et intemporel assure un confort optimal. Le tissu r\u00e9sistant et durable en fait un excellent choix pour une utilisation quotidienne. Il suffit d&#039;ajouter votre design et vous \u00eates pr\u00eat pour votre prochain \u00e9v\u00e9nement ou votre prochaine campagne promotionnelle !<\/p>\n","protected":false},"excerpt":{"rendered":"<p>Notre Polo basique en tissu m\u00e9lang\u00e9 Sol&#039;s est con\u00e7u pour hommes et femmes. Fabriqu\u00e9 \u00e0 partir d&#039;un m\u00e9lange de coton et de polyester, ce mod\u00e8le classique et intemporel assure un confort optimal. Le tissu r\u00e9sistant et durable en fait un excellent choix pour une utilisation quotidienne. Il suffit d&#039;ajouter votre design et vous \u00eates pr\u00eat [&hellip;]<\/p>\n","protected":false},"featured_media":3556,"comment_status":"open","ping_status":"closed","template":"","meta":[],"product_brand":[],"product_cat":[86],"product_tag":[],"class_list":{"0":"post-3555","1":"product","2":"type-product","3":"status-publish","4":"has-post-thumbnail","6":"product_cat-chemises-polo","8":"first","9":"instock","10":"taxable","11":"shipping-taxable","12":"product-type-simple"},"_links":{"self":[{"href":"https:\/\/www.printings-n.com\/fr_fr\/wp-json\/wp\/v2\/product\/3555","targetHints":{"allow":["GET"]}}],"collection":[{"href":"https:\/\/www.printings-n.com\/fr_fr\/wp-json\/wp\/v2\/product"}],"about":[{"href":"https:\/\/www.printings-n.com\/fr_fr\/wp-json\/wp\/v2\/types\/product"}],"replies":[{"embeddable":true,"href":"https:\/\/www.printings-n.com\/fr_fr\/wp-json\/wp\/v2\/comments?post=3555"}],"wp:featuredmedia":[{"embeddable":true,"href":"https:\/\/www.printings-n.com\/fr_fr\/wp-json\/wp\/v2\/media\/3556"}],"wp:attachment":[{"href":"https:\/\/www.printings-n.com\/fr_fr\/wp-json\/wp\/v2\/media?parent=3555"}],"wp:term":[{"taxonomy":"product_brand","embeddable":true,"href":"https:\/\/www.printings-n.com\/fr_fr\/wp-json\/wp\/v2\/product_brand?post=3555"},{"taxonomy":"product_cat","embeddable":true,"href":"https:\/\/www.printings-n.com\/fr_fr\/wp-json\/wp\/v2\/product_cat?post=3555"},{"taxonomy":"product_tag","embeddable":true,"href":"https:\/\/www.printings-n.com\/fr_fr\/wp-json\/wp\/v2\/product_tag?post=3555"}],"curies":[{"name":"wp","href":"https:\/\/api.w.org\/{rel}","templated":true}]}}