{"id":3551,"date":"2024-11-30T23:13:44","date_gmt":"2024-11-30T23:13:44","guid":{"rendered":"https:\/\/www.printings-n.com\/produit\/polo-en-tissu-epais-russell-polopolycot210gsm\/"},"modified":"2024-11-30T23:13:45","modified_gmt":"2024-11-30T23:13:45","slug":"polo-en-tissu-epais-russell-polopolycot210gsm","status":"publish","type":"product","link":"https:\/\/www.printings-n.com\/fr_fr\/produit\/polo-en-tissu-epais-russell-polopolycot210gsm\/","title":{"rendered":"Polo en tissu \u00e9pais Russell"},"content":{"rendered":"<p>Portez fi\u00e8rement notre Polo en tissu \u00e9pais Russell et mettez en valeur l&#039;image de votre marque. Con\u00e7us pour hommes et femmes, ces polos sont fabriqu\u00e9s \u00e0 partir d&#039;un m\u00e9lange coton-polyester de qualit\u00e9 sup\u00e9rieure, ils sont dot\u00e9s d&#039;une confection \u00e0 double fil pour une durabilit\u00e9 accrue. Les coutures renforc\u00e9es au niveau des \u00e9paules et de l&#039;encolure assurent un ajustement confortable, tandis que les poignets en tricot plat de style classique et l&#039;ourlet \u00e0 double aiguille sur la partie inf\u00e9rieure contribuent \u00e0 sa long\u00e9vit\u00e9. Il est parfait pour les tenues d\u00e9contract\u00e9es et de travail, imprimez votre logo et ajoutez-le \u00e0 votre garde-robe !<\/p>\n","protected":false},"excerpt":{"rendered":"<p>Portez fi\u00e8rement notre Polo en tissu \u00e9pais Russell et mettez en valeur l&#039;image de votre marque. Con\u00e7us pour hommes et femmes, ces polos sont fabriqu\u00e9s \u00e0 partir d&#039;un m\u00e9lange coton-polyester de qualit\u00e9 sup\u00e9rieure, ils sont dot\u00e9s d&#039;une confection \u00e0 double fil pour une durabilit\u00e9 accrue. Les coutures renforc\u00e9es au niveau des \u00e9paules et de l&#039;encolure [&hellip;]<\/p>\n","protected":false},"featured_media":3552,"comment_status":"open","ping_status":"closed","template":"","meta":[],"product_brand":[],"product_cat":[86],"product_tag":[],"class_list":{"0":"post-3551","1":"product","2":"type-product","3":"status-publish","4":"has-post-thumbnail","6":"product_cat-chemises-polo","8":"first","9":"instock","10":"taxable","11":"shipping-taxable","12":"product-type-simple"},"_links":{"self":[{"href":"https:\/\/www.printings-n.com\/fr_fr\/wp-json\/wp\/v2\/product\/3551","targetHints":{"allow":["GET"]}}],"collection":[{"href":"https:\/\/www.printings-n.com\/fr_fr\/wp-json\/wp\/v2\/product"}],"about":[{"href":"https:\/\/www.printings-n.com\/fr_fr\/wp-json\/wp\/v2\/types\/product"}],"replies":[{"embeddable":true,"href":"https:\/\/www.printings-n.com\/fr_fr\/wp-json\/wp\/v2\/comments?post=3551"}],"wp:featuredmedia":[{"embeddable":true,"href":"https:\/\/www.printings-n.com\/fr_fr\/wp-json\/wp\/v2\/media\/3552"}],"wp:attachment":[{"href":"https:\/\/www.printings-n.com\/fr_fr\/wp-json\/wp\/v2\/media?parent=3551"}],"wp:term":[{"taxonomy":"product_brand","embeddable":true,"href":"https:\/\/www.printings-n.com\/fr_fr\/wp-json\/wp\/v2\/product_brand?post=3551"},{"taxonomy":"product_cat","embeddable":true,"href":"https:\/\/www.printings-n.com\/fr_fr\/wp-json\/wp\/v2\/product_cat?post=3551"},{"taxonomy":"product_tag","embeddable":true,"href":"https:\/\/www.printings-n.com\/fr_fr\/wp-json\/wp\/v2\/product_tag?post=3551"}],"curies":[{"name":"wp","href":"https:\/\/api.w.org\/{rel}","templated":true}]}}