{"id":3543,"date":"2024-11-30T23:13:23","date_gmt":"2024-11-30T23:13:23","guid":{"rendered":"https:\/\/www.printings-n.com\/produit\/polo-a-manches-courtes-durable-bc-poloinspire170gsm\/"},"modified":"2024-11-30T23:13:24","modified_gmt":"2024-11-30T23:13:24","slug":"polo-a-manches-courtes-durable-bc-poloinspire170gsm","status":"publish","type":"product","link":"https:\/\/www.printings-n.com\/fr_fr\/produit\/polo-a-manches-courtes-durable-bc-poloinspire170gsm\/","title":{"rendered":"Polo \u00e9co-responsable B&amp;C"},"content":{"rendered":"<p>Votre nouveau polo pr\u00e9f\u00e9r\u00e9 en coton 100% biologique certifi\u00e9. Avec sa coupe moderne, ce polo \u00e0 manches courtes est \u00e9pur\u00e9 et convient parfaitement aux activit\u00e9s quotidiennes. C&#039;est la surface parfaite pour v\u00e9hiculer le message de toute marque. Il suffit d&#039;ajouter votre design et vous \u00eates pr\u00eat pour votre prochain \u00e9v\u00e9nement ou votre campagne marketing !<\/p>\n","protected":false},"excerpt":{"rendered":"<p>Votre nouveau polo pr\u00e9f\u00e9r\u00e9 en coton 100% biologique certifi\u00e9. Avec sa coupe moderne, ce polo \u00e0 manches courtes est \u00e9pur\u00e9 et convient parfaitement aux activit\u00e9s quotidiennes. C&#039;est la surface parfaite pour v\u00e9hiculer le message de toute marque. Il suffit d&#039;ajouter votre design et vous \u00eates pr\u00eat pour votre prochain \u00e9v\u00e9nement ou votre campagne marketing !<\/p>\n","protected":false},"featured_media":3544,"comment_status":"open","ping_status":"closed","template":"","meta":[],"product_brand":[],"product_cat":[86],"product_tag":[],"class_list":{"0":"post-3543","1":"product","2":"type-product","3":"status-publish","4":"has-post-thumbnail","6":"product_cat-chemises-polo","8":"first","9":"instock","10":"taxable","11":"shipping-taxable","12":"product-type-simple"},"_links":{"self":[{"href":"https:\/\/www.printings-n.com\/fr_fr\/wp-json\/wp\/v2\/product\/3543","targetHints":{"allow":["GET"]}}],"collection":[{"href":"https:\/\/www.printings-n.com\/fr_fr\/wp-json\/wp\/v2\/product"}],"about":[{"href":"https:\/\/www.printings-n.com\/fr_fr\/wp-json\/wp\/v2\/types\/product"}],"replies":[{"embeddable":true,"href":"https:\/\/www.printings-n.com\/fr_fr\/wp-json\/wp\/v2\/comments?post=3543"}],"wp:featuredmedia":[{"embeddable":true,"href":"https:\/\/www.printings-n.com\/fr_fr\/wp-json\/wp\/v2\/media\/3544"}],"wp:attachment":[{"href":"https:\/\/www.printings-n.com\/fr_fr\/wp-json\/wp\/v2\/media?parent=3543"}],"wp:term":[{"taxonomy":"product_brand","embeddable":true,"href":"https:\/\/www.printings-n.com\/fr_fr\/wp-json\/wp\/v2\/product_brand?post=3543"},{"taxonomy":"product_cat","embeddable":true,"href":"https:\/\/www.printings-n.com\/fr_fr\/wp-json\/wp\/v2\/product_cat?post=3543"},{"taxonomy":"product_tag","embeddable":true,"href":"https:\/\/www.printings-n.com\/fr_fr\/wp-json\/wp\/v2\/product_tag?post=3543"}],"curies":[{"name":"wp","href":"https:\/\/api.w.org\/{rel}","templated":true}]}}