{"id":3541,"date":"2024-11-30T23:13:17","date_gmt":"2024-11-30T23:13:17","guid":{"rendered":"https:\/\/www.printings-n.com\/produit\/polo-premium-classique-russell-poloclassic195gsm\/"},"modified":"2024-11-30T23:13:18","modified_gmt":"2024-11-30T23:13:18","slug":"polo-premium-classique-russell-poloclassic195gsm","status":"publish","type":"product","link":"https:\/\/www.printings-n.com\/fr_fr\/produit\/polo-premium-classique-russell-poloclassic195gsm\/","title":{"rendered":"Polo premium Russell"},"content":{"rendered":"<p>Fabriqu\u00e9s en 100% coton de haute qualit\u00e9, nos Polo premium Russellsont ultra confortables et durables. Convenant aussi bien aux hommes qu&#039;aux femmes, le tissu doux et durable de qualit\u00e9 sup\u00e9rieure en fait un excellent choix pour les v\u00eatements de tous les jours, y compris pour les soir\u00e9es un peu plus fra\u00eeches. Ajoutez simplement votre motif et vous \u00eates pr\u00eat \u00e0 partir !<\/p>\n","protected":false},"excerpt":{"rendered":"<p>Fabriqu\u00e9s en 100% coton de haute qualit\u00e9, nos Polo premium Russellsont ultra confortables et durables. Convenant aussi bien aux hommes qu&#039;aux femmes, le tissu doux et durable de qualit\u00e9 sup\u00e9rieure en fait un excellent choix pour les v\u00eatements de tous les jours, y compris pour les soir\u00e9es un peu plus fra\u00eeches. Ajoutez simplement votre motif [&hellip;]<\/p>\n","protected":false},"featured_media":3542,"comment_status":"open","ping_status":"closed","template":"","meta":[],"product_brand":[],"product_cat":[86],"product_tag":[],"class_list":{"0":"post-3541","1":"product","2":"type-product","3":"status-publish","4":"has-post-thumbnail","6":"product_cat-chemises-polo","8":"first","9":"instock","10":"taxable","11":"shipping-taxable","12":"product-type-simple"},"_links":{"self":[{"href":"https:\/\/www.printings-n.com\/fr_fr\/wp-json\/wp\/v2\/product\/3541","targetHints":{"allow":["GET"]}}],"collection":[{"href":"https:\/\/www.printings-n.com\/fr_fr\/wp-json\/wp\/v2\/product"}],"about":[{"href":"https:\/\/www.printings-n.com\/fr_fr\/wp-json\/wp\/v2\/types\/product"}],"replies":[{"embeddable":true,"href":"https:\/\/www.printings-n.com\/fr_fr\/wp-json\/wp\/v2\/comments?post=3541"}],"wp:featuredmedia":[{"embeddable":true,"href":"https:\/\/www.printings-n.com\/fr_fr\/wp-json\/wp\/v2\/media\/3542"}],"wp:attachment":[{"href":"https:\/\/www.printings-n.com\/fr_fr\/wp-json\/wp\/v2\/media?parent=3541"}],"wp:term":[{"taxonomy":"product_brand","embeddable":true,"href":"https:\/\/www.printings-n.com\/fr_fr\/wp-json\/wp\/v2\/product_brand?post=3541"},{"taxonomy":"product_cat","embeddable":true,"href":"https:\/\/www.printings-n.com\/fr_fr\/wp-json\/wp\/v2\/product_cat?post=3541"},{"taxonomy":"product_tag","embeddable":true,"href":"https:\/\/www.printings-n.com\/fr_fr\/wp-json\/wp\/v2\/product_tag?post=3541"}],"curies":[{"name":"wp","href":"https:\/\/api.w.org\/{rel}","templated":true}]}}