{"id":3539,"date":"2024-11-30T23:13:12","date_gmt":"2024-11-30T23:13:12","guid":{"rendered":"https:\/\/www.printings-n.com\/produit\/polo-a-manches-longues-sols-heritage-heritagelongsleevepolo\/"},"modified":"2024-11-30T23:13:13","modified_gmt":"2024-11-30T23:13:13","slug":"polo-a-manches-longues-sols-heritage-heritagelongsleevepolo","status":"publish","type":"product","link":"https:\/\/www.printings-n.com\/fr_fr\/produit\/polo-a-manches-longues-sols-heritage-heritagelongsleevepolo\/","title":{"rendered":"Polo \u00e0 manches longues Sol&#039;s Heritage"},"content":{"rendered":"[site_name] Polo \u00e0 manches longues Sol&#039;s Heritage est la combinaison parfaite de la qualit\u00e9 et du prix ! Fabriqu\u00e9 \u00e0 partir d&#039;un coton de haute qualit\u00e9 et con\u00e7u avec une coupe unisexe confortable, notre polo offre une option polyvalente et \u00e9l\u00e9gante pour un usage quotidien ou une personnalisation. Polo \u00e0 manches longues Sol&#039;s Heritage est disponible en trois couleurs classiques &#8211; noir, blanc cass\u00e9 et marine. N&#039;attendez plus et commandez Polo \u00e0 manches longues Sol&#039;s Heritage avec votre design unique d\u00e8s aujourd&#039;hui !<\/p>\n","protected":false},"excerpt":{"rendered":"<p>[site_name] Polo \u00e0 manches longues Sol&#039;s Heritage est la combinaison parfaite de la qualit\u00e9 et du prix ! Fabriqu\u00e9 \u00e0 partir d&#039;un coton de haute qualit\u00e9 et con\u00e7u avec une coupe unisexe confortable, notre polo offre une option polyvalente et \u00e9l\u00e9gante pour un usage quotidien ou une personnalisation. Polo \u00e0 manches longues Sol&#039;s Heritage est [&hellip;]<\/p>\n","protected":false},"featured_media":3540,"comment_status":"open","ping_status":"closed","template":"","meta":[],"product_brand":[],"product_cat":[86],"product_tag":[],"class_list":{"0":"post-3539","1":"product","2":"type-product","3":"status-publish","4":"has-post-thumbnail","6":"product_cat-chemises-polo","8":"first","9":"instock","10":"taxable","11":"shipping-taxable","12":"product-type-simple"},"_links":{"self":[{"href":"https:\/\/www.printings-n.com\/fr_fr\/wp-json\/wp\/v2\/product\/3539","targetHints":{"allow":["GET"]}}],"collection":[{"href":"https:\/\/www.printings-n.com\/fr_fr\/wp-json\/wp\/v2\/product"}],"about":[{"href":"https:\/\/www.printings-n.com\/fr_fr\/wp-json\/wp\/v2\/types\/product"}],"replies":[{"embeddable":true,"href":"https:\/\/www.printings-n.com\/fr_fr\/wp-json\/wp\/v2\/comments?post=3539"}],"wp:featuredmedia":[{"embeddable":true,"href":"https:\/\/www.printings-n.com\/fr_fr\/wp-json\/wp\/v2\/media\/3540"}],"wp:attachment":[{"href":"https:\/\/www.printings-n.com\/fr_fr\/wp-json\/wp\/v2\/media?parent=3539"}],"wp:term":[{"taxonomy":"product_brand","embeddable":true,"href":"https:\/\/www.printings-n.com\/fr_fr\/wp-json\/wp\/v2\/product_brand?post=3539"},{"taxonomy":"product_cat","embeddable":true,"href":"https:\/\/www.printings-n.com\/fr_fr\/wp-json\/wp\/v2\/product_cat?post=3539"},{"taxonomy":"product_tag","embeddable":true,"href":"https:\/\/www.printings-n.com\/fr_fr\/wp-json\/wp\/v2\/product_tag?post=3539"}],"curies":[{"name":"wp","href":"https:\/\/api.w.org\/{rel}","templated":true}]}}