{"id":3410,"date":"2024-11-30T23:06:27","date_gmt":"2024-11-30T23:06:27","guid":{"rendered":"https:\/\/www.printings-n.com\/produit\/sweat-a-capuche-unisexe-stanley-stella-sider-siderstanleystellastsu824u\/"},"modified":"2024-11-30T23:06:30","modified_gmt":"2024-11-30T23:06:30","slug":"sweat-a-capuche-unisexe-stanley-stella-sider-siderstanleystellastsu824u","status":"publish","type":"product","link":"https:\/\/www.printings-n.com\/fr_fr\/produit\/sweat-a-capuche-unisexe-stanley-stella-sider-siderstanleystellastsu824u\/","title":{"rendered":"Sweat \u00e0 capuche unisexe Stanley \/ Stella Sider"},"content":{"rendered":"<p>Voici le Sider, un sweat-shirt \u00e0 capuche unisexe qui red\u00e9finit le confort d\u00e9contract\u00e9 avec son design unique de poches lat\u00e9rales. Dot\u00e9 de manches raglan pour une coupe d\u00e9contract\u00e9e et d&#039;une capuche \u00e0 double \u00e9paisseur pour plus de chaleur, ce sweat-shirt est con\u00e7u pour vous garder bien au chaud et avec style. Les cordons de serrage ronds, finis avec des embouts m\u00e9talliques, et les \u0153illets m\u00e9talliques ajoutent de la durabilit\u00e9 et une touche d&#039;\u00e9l\u00e9gance. \u00c0 l&#039;int\u00e9rieur, la bande de col \u00e0 chevrons et la demi-lune en tissu au niveau du col du dos garantissent le confort contre votre peau. Les coutures lat\u00e9rales inclin\u00e9es int\u00e8grent astucieusement des poches, offrant une solution pratique pour transporter les objets essentiels.<\/p>\n","protected":false},"excerpt":{"rendered":"<p>Voici le Sider, un sweat-shirt \u00e0 capuche unisexe qui red\u00e9finit le confort d\u00e9contract\u00e9 avec son design unique de poches lat\u00e9rales. Dot\u00e9 de manches raglan pour une coupe d\u00e9contract\u00e9e et d&#039;une capuche \u00e0 double \u00e9paisseur pour plus de chaleur, ce sweat-shirt est con\u00e7u pour vous garder bien au chaud et avec style. Les cordons de serrage [&hellip;]<\/p>\n","protected":false},"featured_media":0,"comment_status":"open","ping_status":"closed","template":"","meta":[],"product_brand":[],"product_cat":[84],"product_tag":[],"class_list":{"0":"post-3410","1":"product","2":"type-product","3":"status-publish","5":"product_cat-sweatshirts-a-capuche-et-pulls","7":"first","8":"instock","9":"taxable","10":"shipping-taxable","11":"product-type-simple"},"_links":{"self":[{"href":"https:\/\/www.printings-n.com\/fr_fr\/wp-json\/wp\/v2\/product\/3410","targetHints":{"allow":["GET"]}}],"collection":[{"href":"https:\/\/www.printings-n.com\/fr_fr\/wp-json\/wp\/v2\/product"}],"about":[{"href":"https:\/\/www.printings-n.com\/fr_fr\/wp-json\/wp\/v2\/types\/product"}],"replies":[{"embeddable":true,"href":"https:\/\/www.printings-n.com\/fr_fr\/wp-json\/wp\/v2\/comments?post=3410"}],"wp:attachment":[{"href":"https:\/\/www.printings-n.com\/fr_fr\/wp-json\/wp\/v2\/media?parent=3410"}],"wp:term":[{"taxonomy":"product_brand","embeddable":true,"href":"https:\/\/www.printings-n.com\/fr_fr\/wp-json\/wp\/v2\/product_brand?post=3410"},{"taxonomy":"product_cat","embeddable":true,"href":"https:\/\/www.printings-n.com\/fr_fr\/wp-json\/wp\/v2\/product_cat?post=3410"},{"taxonomy":"product_tag","embeddable":true,"href":"https:\/\/www.printings-n.com\/fr_fr\/wp-json\/wp\/v2\/product_tag?post=3410"}],"curies":[{"name":"wp","href":"https:\/\/api.w.org\/{rel}","templated":true}]}}