{"id":3406,"date":"2024-11-30T23:05:57","date_gmt":"2024-11-30T23:05:57","guid":{"rendered":"https:\/\/www.printings-n.com\/produit\/sweat-a-capuche-unisexe-stanley-stella-drummer-drummer2stanleystellastsu168u\/"},"modified":"2024-11-30T23:06:13","modified_gmt":"2024-11-30T23:06:13","slug":"sweat-a-capuche-unisexe-stanley-stella-drummer-drummer2stanleystellastsu168u","status":"publish","type":"product","link":"https:\/\/www.printings-n.com\/fr_fr\/produit\/sweat-a-capuche-unisexe-stanley-stella-drummer-drummer2stanleystellastsu168u\/","title":{"rendered":"Sweat \u00e0 capuche unisexe Stanley \/ Stella Drummer"},"content":{"rendered":"<p>Plongez dans le confort avec ce sweat \u00e0 capuche de tous les jours, con\u00e7u pour tout le monde. Son tissu doux en m\u00e9lange organique offre une sensation douillette, tandis que les cordons de serrage assortis et la capuche doubl\u00e9e ajoutent une touche de style. La poche kangourou garde vos mains au chaud et vos objets essentiels \u00e0 port\u00e9e de main. Fabriqu\u00e9 avec soin \u00e0 partir de mat\u00e9riaux durables, c&#039;est le v\u00eatement qu&#039;il vous faut pour un look d\u00e9contract\u00e9 ou un week-end d\u00e9contract\u00e9.<\/p>\n","protected":false},"excerpt":{"rendered":"<p>Plongez dans le confort avec ce sweat \u00e0 capuche de tous les jours, con\u00e7u pour tout le monde. Son tissu doux en m\u00e9lange organique offre une sensation douillette, tandis que les cordons de serrage assortis et la capuche doubl\u00e9e ajoutent une touche de style. La poche kangourou garde vos mains au chaud et vos objets [&hellip;]<\/p>\n","protected":false},"featured_media":3407,"comment_status":"open","ping_status":"closed","template":"","meta":[],"product_brand":[],"product_cat":[84],"product_tag":[],"class_list":{"0":"post-3406","1":"product","2":"type-product","3":"status-publish","4":"has-post-thumbnail","6":"product_cat-sweatshirts-a-capuche-et-pulls","8":"first","9":"instock","10":"taxable","11":"shipping-taxable","12":"product-type-simple"},"_links":{"self":[{"href":"https:\/\/www.printings-n.com\/fr_fr\/wp-json\/wp\/v2\/product\/3406","targetHints":{"allow":["GET"]}}],"collection":[{"href":"https:\/\/www.printings-n.com\/fr_fr\/wp-json\/wp\/v2\/product"}],"about":[{"href":"https:\/\/www.printings-n.com\/fr_fr\/wp-json\/wp\/v2\/types\/product"}],"replies":[{"embeddable":true,"href":"https:\/\/www.printings-n.com\/fr_fr\/wp-json\/wp\/v2\/comments?post=3406"}],"wp:featuredmedia":[{"embeddable":true,"href":"https:\/\/www.printings-n.com\/fr_fr\/wp-json\/wp\/v2\/media\/3407"}],"wp:attachment":[{"href":"https:\/\/www.printings-n.com\/fr_fr\/wp-json\/wp\/v2\/media?parent=3406"}],"wp:term":[{"taxonomy":"product_brand","embeddable":true,"href":"https:\/\/www.printings-n.com\/fr_fr\/wp-json\/wp\/v2\/product_brand?post=3406"},{"taxonomy":"product_cat","embeddable":true,"href":"https:\/\/www.printings-n.com\/fr_fr\/wp-json\/wp\/v2\/product_cat?post=3406"},{"taxonomy":"product_tag","embeddable":true,"href":"https:\/\/www.printings-n.com\/fr_fr\/wp-json\/wp\/v2\/product_tag?post=3406"}],"curies":[{"name":"wp","href":"https:\/\/api.w.org\/{rel}","templated":true}]}}