{"id":3403,"date":"2024-11-30T23:05:49","date_gmt":"2024-11-30T23:05:49","guid":{"rendered":"https:\/\/www.printings-n.com\/produit\/sweat-a-capuche-classique-fruit-of-the-loom-classichoodedsweat260gsm\/"},"modified":"2024-11-30T23:05:51","modified_gmt":"2024-11-30T23:05:51","slug":"sweat-a-capuche-classique-fruit-of-the-loom-classichoodedsweat260gsm","status":"publish","type":"product","link":"https:\/\/www.printings-n.com\/fr_fr\/produit\/sweat-a-capuche-classique-fruit-of-the-loom-classichoodedsweat260gsm\/","title":{"rendered":"Sweat \u00e0 capuche classique Fruit of the Loom"},"content":{"rendered":"<p>Vous \u00eates \u00e0 la recherche d&#039;un sweat \u00e0 capuche d&#039;un bon rapport qualit\u00e9\/prix pour un \u00e9v\u00e9nement ? Ne cherchez pas plus loin ! Sweat \u00e0 capuche classique Fruit of the LoomLa coupe unisexe du sweat \u00e0 capuche, sa large gamme de couleurs et de tailles en font un v\u00eatement id\u00e9al pour toutes les occasions ! Ce mod\u00e8le classique est dot\u00e9 d&#039;un cordon de serrage plat de couleur unie, de poches kangourou sur le devant, de poignets et d&#039;un ourlet c\u00f4tel\u00e9s pour un ajustement parfait. N&#039;attendez plus et commandez Sweat \u00e0 capuche classique Fruit of the Loom avec votre dessin ou votre logo !<\/p>\n","protected":false},"excerpt":{"rendered":"<p>Vous \u00eates \u00e0 la recherche d&#039;un sweat \u00e0 capuche d&#039;un bon rapport qualit\u00e9\/prix pour un \u00e9v\u00e9nement ? Ne cherchez pas plus loin ! Sweat \u00e0 capuche classique Fruit of the LoomLa coupe unisexe du sweat \u00e0 capuche, sa large gamme de couleurs et de tailles en font un v\u00eatement id\u00e9al pour toutes les occasions ! [&hellip;]<\/p>\n","protected":false},"featured_media":3404,"comment_status":"open","ping_status":"closed","template":"","meta":[],"product_brand":[],"product_cat":[84],"product_tag":[],"class_list":{"0":"post-3403","1":"product","2":"type-product","3":"status-publish","4":"has-post-thumbnail","6":"product_cat-sweatshirts-a-capuche-et-pulls","8":"first","9":"instock","10":"taxable","11":"shipping-taxable","12":"product-type-simple"},"_links":{"self":[{"href":"https:\/\/www.printings-n.com\/fr_fr\/wp-json\/wp\/v2\/product\/3403","targetHints":{"allow":["GET"]}}],"collection":[{"href":"https:\/\/www.printings-n.com\/fr_fr\/wp-json\/wp\/v2\/product"}],"about":[{"href":"https:\/\/www.printings-n.com\/fr_fr\/wp-json\/wp\/v2\/types\/product"}],"replies":[{"embeddable":true,"href":"https:\/\/www.printings-n.com\/fr_fr\/wp-json\/wp\/v2\/comments?post=3403"}],"wp:featuredmedia":[{"embeddable":true,"href":"https:\/\/www.printings-n.com\/fr_fr\/wp-json\/wp\/v2\/media\/3404"}],"wp:attachment":[{"href":"https:\/\/www.printings-n.com\/fr_fr\/wp-json\/wp\/v2\/media?parent=3403"}],"wp:term":[{"taxonomy":"product_brand","embeddable":true,"href":"https:\/\/www.printings-n.com\/fr_fr\/wp-json\/wp\/v2\/product_brand?post=3403"},{"taxonomy":"product_cat","embeddable":true,"href":"https:\/\/www.printings-n.com\/fr_fr\/wp-json\/wp\/v2\/product_cat?post=3403"},{"taxonomy":"product_tag","embeddable":true,"href":"https:\/\/www.printings-n.com\/fr_fr\/wp-json\/wp\/v2\/product_tag?post=3403"}],"curies":[{"name":"wp","href":"https:\/\/api.w.org\/{rel}","templated":true}]}}