{"id":3381,"date":"2024-11-30T23:04:50","date_gmt":"2024-11-30T23:04:50","guid":{"rendered":"https:\/\/www.printings-n.com\/produit\/sweat-a-capuche-zippe-homme-awdisjh050\/"},"modified":"2024-11-30T23:04:50","modified_gmt":"2024-11-30T23:04:50","slug":"sweat-a-capuche-zippe-homme-awdisjh050","status":"publish","type":"product","link":"https:\/\/www.printings-n.com\/fr_fr\/produit\/sweat-a-capuche-zippe-homme-awdisjh050\/","title":{"rendered":"Sweat \u00e0 capuche zipp\u00e9 homme"},"content":{"rendered":"<p>\u00cates-vous \u00e0 la recherche d&#039;un sweat \u00e0 capuche zipp\u00e9 personnalisable et tendence ? Fabriqu\u00e9 \u00e0 partir de coton et de polyester, il est durable et confortable.  Disponible dans une large gamme de couleurs, vous \u00eates s\u00fbr de trouver ce dont vous avez besoin. Vous pouvez commander votre sweat \u00e0 capuche facilement \u00e0 partir d&#039;une seule pi\u00e8ce ! Les sweats \u00e0 capuche offrent un rapport qualit\u00e9\/prix avantageux. Vous avez besoin de vos sweats \u00e0 capuche le plus rapidement possible ? Pas de probl\u00e8me, ces sweats \u00e0 capuche sont disponibles avec une livraison rapide !<br \/>\n&lt;br&gt;&lt;br&gt;<br \/>\nNote : En cas de forte demande, nos stocks peuvent fluctuer. En cas de rupture de stock, nous choisirons pour vous l&#039;alternative la plus proche, avec de grandes similarit\u00e9s de qualit\u00e9, taille et coupe. Seules de l\u00e9g\u00e8res variations de couleur et nom de marque pourraient survenir.<\/p>\n","protected":false},"excerpt":{"rendered":"<p>\u00cates-vous \u00e0 la recherche d&#039;un sweat \u00e0 capuche zipp\u00e9 personnalisable et tendence ? Fabriqu\u00e9 \u00e0 partir de coton et de polyester, il est durable et confortable. Disponible dans une large gamme de couleurs, vous \u00eates s\u00fbr de trouver ce dont vous avez besoin. Vous pouvez commander votre sweat \u00e0 capuche facilement \u00e0 partir d&#039;une seule [&hellip;]<\/p>\n","protected":false},"featured_media":3382,"comment_status":"open","ping_status":"closed","template":"","meta":[],"product_brand":[],"product_cat":[84],"product_tag":[],"class_list":{"0":"post-3381","1":"product","2":"type-product","3":"status-publish","4":"has-post-thumbnail","6":"product_cat-sweatshirts-a-capuche-et-pulls","8":"first","9":"instock","10":"taxable","11":"shipping-taxable","12":"product-type-simple"},"_links":{"self":[{"href":"https:\/\/www.printings-n.com\/fr_fr\/wp-json\/wp\/v2\/product\/3381","targetHints":{"allow":["GET"]}}],"collection":[{"href":"https:\/\/www.printings-n.com\/fr_fr\/wp-json\/wp\/v2\/product"}],"about":[{"href":"https:\/\/www.printings-n.com\/fr_fr\/wp-json\/wp\/v2\/types\/product"}],"replies":[{"embeddable":true,"href":"https:\/\/www.printings-n.com\/fr_fr\/wp-json\/wp\/v2\/comments?post=3381"}],"wp:featuredmedia":[{"embeddable":true,"href":"https:\/\/www.printings-n.com\/fr_fr\/wp-json\/wp\/v2\/media\/3382"}],"wp:attachment":[{"href":"https:\/\/www.printings-n.com\/fr_fr\/wp-json\/wp\/v2\/media?parent=3381"}],"wp:term":[{"taxonomy":"product_brand","embeddable":true,"href":"https:\/\/www.printings-n.com\/fr_fr\/wp-json\/wp\/v2\/product_brand?post=3381"},{"taxonomy":"product_cat","embeddable":true,"href":"https:\/\/www.printings-n.com\/fr_fr\/wp-json\/wp\/v2\/product_cat?post=3381"},{"taxonomy":"product_tag","embeddable":true,"href":"https:\/\/www.printings-n.com\/fr_fr\/wp-json\/wp\/v2\/product_tag?post=3381"}],"curies":[{"name":"wp","href":"https:\/\/api.w.org\/{rel}","templated":true}]}}