{"id":3267,"date":"2024-11-30T23:00:06","date_gmt":"2024-11-30T23:00:06","guid":{"rendered":"https:\/\/www.printings-n.com\/produit\/polos-premium-en-tissu-melange-fruit-of-the-loom-tshirtfruitoftheloompolo\/"},"modified":"2024-11-30T23:00:08","modified_gmt":"2024-11-30T23:00:08","slug":"polos-premium-en-tissu-melange-fruit-of-the-loom-tshirtfruitoftheloompolo","status":"publish","type":"product","link":"https:\/\/www.printings-n.com\/fr_fr\/produit\/polos-premium-en-tissu-melange-fruit-of-the-loom-tshirtfruitoftheloompolo\/","title":{"rendered":"Polos premium en tissu m\u00e9lang\u00e9 Fruit of the Loom"},"content":{"rendered":"<p>Vous \u00eates \u00e0 la recherche de nouveaux uniformes pour votre personnel ou vous avez besoin d&#039;\u00eatre \u00e9l\u00e9gant pour un \u00e9v\u00e9nement ou une promotion \u00e0 venir ? Alors Polos premium en tissu m\u00e9lang\u00e9 Fruit of the Loom est la solution parfaite pour vous ! Ce polo, disponible en tailles et styles masculins et f\u00e9minins, est disponible dans une vari\u00e9t\u00e9 de couleurs pour vous permettre de vous d\u00e9marquer.<\/p>\n","protected":false},"excerpt":{"rendered":"<p>Vous \u00eates \u00e0 la recherche de nouveaux uniformes pour votre personnel ou vous avez besoin d&#039;\u00eatre \u00e9l\u00e9gant pour un \u00e9v\u00e9nement ou une promotion \u00e0 venir ? Alors Polos premium en tissu m\u00e9lang\u00e9 Fruit of the Loom est la solution parfaite pour vous ! Ce polo, disponible en tailles et styles masculins et f\u00e9minins, est disponible [&hellip;]<\/p>\n","protected":false},"featured_media":3268,"comment_status":"open","ping_status":"closed","template":"","meta":[],"product_brand":[],"product_cat":[82],"product_tag":[],"class_list":{"0":"post-3267","1":"product","2":"type-product","3":"status-publish","4":"has-post-thumbnail","6":"product_cat-t-shirts","8":"first","9":"instock","10":"taxable","11":"shipping-taxable","12":"product-type-simple"},"_links":{"self":[{"href":"https:\/\/www.printings-n.com\/fr_fr\/wp-json\/wp\/v2\/product\/3267","targetHints":{"allow":["GET"]}}],"collection":[{"href":"https:\/\/www.printings-n.com\/fr_fr\/wp-json\/wp\/v2\/product"}],"about":[{"href":"https:\/\/www.printings-n.com\/fr_fr\/wp-json\/wp\/v2\/types\/product"}],"replies":[{"embeddable":true,"href":"https:\/\/www.printings-n.com\/fr_fr\/wp-json\/wp\/v2\/comments?post=3267"}],"wp:featuredmedia":[{"embeddable":true,"href":"https:\/\/www.printings-n.com\/fr_fr\/wp-json\/wp\/v2\/media\/3268"}],"wp:attachment":[{"href":"https:\/\/www.printings-n.com\/fr_fr\/wp-json\/wp\/v2\/media?parent=3267"}],"wp:term":[{"taxonomy":"product_brand","embeddable":true,"href":"https:\/\/www.printings-n.com\/fr_fr\/wp-json\/wp\/v2\/product_brand?post=3267"},{"taxonomy":"product_cat","embeddable":true,"href":"https:\/\/www.printings-n.com\/fr_fr\/wp-json\/wp\/v2\/product_cat?post=3267"},{"taxonomy":"product_tag","embeddable":true,"href":"https:\/\/www.printings-n.com\/fr_fr\/wp-json\/wp\/v2\/product_tag?post=3267"}],"curies":[{"name":"wp","href":"https:\/\/api.w.org\/{rel}","templated":true}]}}