{"id":3217,"date":"2024-11-30T22:58:06","date_gmt":"2024-11-30T22:58:06","guid":{"rendered":"https:\/\/www.printings-n.com\/produit\/gilet-de-securite-reflechissant-tricorp-tricorpveiligheidsvestrws\/"},"modified":"2024-11-30T22:58:07","modified_gmt":"2024-11-30T22:58:07","slug":"gilet-de-securite-reflechissant-tricorp-tricorpveiligheidsvestrws","status":"publish","type":"product","link":"https:\/\/www.printings-n.com\/fr_fr\/produit\/gilet-de-securite-reflechissant-tricorp-tricorpveiligheidsvestrws\/","title":{"rendered":"Gilet de s\u00e9curit\u00e9 r\u00e9fl\u00e9chissant Tricorp"},"content":{"rendered":"<p>La s\u00e9curit\u00e9 est primordiale, et nous avons ce qu&#039;il vous faut avec le Gilet de s\u00e9curit\u00e9 r\u00e9fl\u00e9chissant Tricorp ! Ce gilet de s\u00e9curit\u00e9 haute visibilit\u00e9 est id\u00e9al pour travailler l\u00e0 o\u00f9 il faut \u00eatre vu, sur un chantier ou pr\u00e8s d&#039;une route fr\u00e9quent\u00e9e. Avec sa fermeture velcro r\u00e9glable, il est \u00e0 la fois facile et confortable \u00e0 porter. Un must-have pour tout environnement de travail ! Le Gilet de s\u00e9curit\u00e9 r\u00e9fl\u00e9chissant Tricorp est imprim\u00e9 en quadrichromie.<br \/>\n&lt;br&gt;&lt;br&gt;<br \/>\nCompl\u00e9tez votre collection de v\u00eatements de travail avec les v\u00eatements de travail adapt\u00e9s de Tricorp sur [site_name] !<br \/>\n&lt;br&gt;&lt;br&gt;<br \/>\nNote: La zone d&#039;impression sur le dos peut se situer au-dessus ou au-dessous de la ligne r\u00e9fl\u00e9chissante. L&#039;impression n&#039;est pas possible sur le mat\u00e9riau r\u00e9fl\u00e9chissant.<\/p>\n","protected":false},"excerpt":{"rendered":"<p>La s\u00e9curit\u00e9 est primordiale, et nous avons ce qu&#039;il vous faut avec le Gilet de s\u00e9curit\u00e9 r\u00e9fl\u00e9chissant Tricorp ! Ce gilet de s\u00e9curit\u00e9 haute visibilit\u00e9 est id\u00e9al pour travailler l\u00e0 o\u00f9 il faut \u00eatre vu, sur un chantier ou pr\u00e8s d&#039;une route fr\u00e9quent\u00e9e. Avec sa fermeture velcro r\u00e9glable, il est \u00e0 la fois facile et [&hellip;]<\/p>\n","protected":false},"featured_media":3218,"comment_status":"open","ping_status":"closed","template":"","meta":[],"product_brand":[],"product_cat":[81],"product_tag":[],"class_list":{"0":"post-3217","1":"product","2":"type-product","3":"status-publish","4":"has-post-thumbnail","6":"product_cat-vetements-de-travail","8":"first","9":"instock","10":"taxable","11":"shipping-taxable","12":"product-type-simple"},"_links":{"self":[{"href":"https:\/\/www.printings-n.com\/fr_fr\/wp-json\/wp\/v2\/product\/3217","targetHints":{"allow":["GET"]}}],"collection":[{"href":"https:\/\/www.printings-n.com\/fr_fr\/wp-json\/wp\/v2\/product"}],"about":[{"href":"https:\/\/www.printings-n.com\/fr_fr\/wp-json\/wp\/v2\/types\/product"}],"replies":[{"embeddable":true,"href":"https:\/\/www.printings-n.com\/fr_fr\/wp-json\/wp\/v2\/comments?post=3217"}],"wp:featuredmedia":[{"embeddable":true,"href":"https:\/\/www.printings-n.com\/fr_fr\/wp-json\/wp\/v2\/media\/3218"}],"wp:attachment":[{"href":"https:\/\/www.printings-n.com\/fr_fr\/wp-json\/wp\/v2\/media?parent=3217"}],"wp:term":[{"taxonomy":"product_brand","embeddable":true,"href":"https:\/\/www.printings-n.com\/fr_fr\/wp-json\/wp\/v2\/product_brand?post=3217"},{"taxonomy":"product_cat","embeddable":true,"href":"https:\/\/www.printings-n.com\/fr_fr\/wp-json\/wp\/v2\/product_cat?post=3217"},{"taxonomy":"product_tag","embeddable":true,"href":"https:\/\/www.printings-n.com\/fr_fr\/wp-json\/wp\/v2\/product_tag?post=3217"}],"curies":[{"name":"wp","href":"https:\/\/api.w.org\/{rel}","templated":true}]}}