{"id":3211,"date":"2024-11-30T22:57:53","date_gmt":"2024-11-30T22:57:53","guid":{"rendered":"https:\/\/www.printings-n.com\/produit\/casquette-reflechissante-tricorp-tricorpcapreflective\/"},"modified":"2024-11-30T22:57:53","modified_gmt":"2024-11-30T22:57:53","slug":"casquette-reflechissante-tricorp-tricorpcapreflective","status":"publish","type":"product","link":"https:\/\/www.printings-n.com\/fr_fr\/produit\/casquette-reflechissante-tricorp-tricorpcapreflective\/","title":{"rendered":"Casquette r\u00e9fl\u00e9chissante Tricorp"},"content":{"rendered":"<p>La Casquette r\u00e9fl\u00e9chissante Tricorp est la meilleure fa\u00e7on d&#039;\u00eatre vu et en s\u00e9curit\u00e9 m\u00eame \u00e0 distance. Cette casquette a \u00e9t\u00e9 cr\u00e9\u00e9e en pensant \u00e0 la logistique et aux lieux de travail tr\u00e8s fr\u00e9quent\u00e9s. Avec une bande velcro r\u00e9glable, vous trouverez la taille parfaite. La mati\u00e8re r\u00e9fl\u00e9chissante est \u00e0 la fois solide et confortable, ce qui permet de la porter sans effort pour vous ou vos employ\u00e9s au quotidien. Le Casquette r\u00e9fl\u00e9chissante Tricorp est brod\u00e9.<br \/>\n&lt;br&gt;&lt;br&gt;<br \/>\nCompl\u00e9tez votre collection de v\u00eatements de travail avec les v\u00eatements de travail adapt\u00e9s de Tricorp sur [site_name] !<\/p>\n","protected":false},"excerpt":{"rendered":"<p>La Casquette r\u00e9fl\u00e9chissante Tricorp est la meilleure fa\u00e7on d&#039;\u00eatre vu et en s\u00e9curit\u00e9 m\u00eame \u00e0 distance. Cette casquette a \u00e9t\u00e9 cr\u00e9\u00e9e en pensant \u00e0 la logistique et aux lieux de travail tr\u00e8s fr\u00e9quent\u00e9s. Avec une bande velcro r\u00e9glable, vous trouverez la taille parfaite. La mati\u00e8re r\u00e9fl\u00e9chissante est \u00e0 la fois solide et confortable, ce qui [&hellip;]<\/p>\n","protected":false},"featured_media":3212,"comment_status":"open","ping_status":"closed","template":"","meta":[],"product_brand":[],"product_cat":[81],"product_tag":[],"class_list":{"0":"post-3211","1":"product","2":"type-product","3":"status-publish","4":"has-post-thumbnail","6":"product_cat-vetements-de-travail","8":"first","9":"instock","10":"taxable","11":"shipping-taxable","12":"product-type-simple"},"_links":{"self":[{"href":"https:\/\/www.printings-n.com\/fr_fr\/wp-json\/wp\/v2\/product\/3211","targetHints":{"allow":["GET"]}}],"collection":[{"href":"https:\/\/www.printings-n.com\/fr_fr\/wp-json\/wp\/v2\/product"}],"about":[{"href":"https:\/\/www.printings-n.com\/fr_fr\/wp-json\/wp\/v2\/types\/product"}],"replies":[{"embeddable":true,"href":"https:\/\/www.printings-n.com\/fr_fr\/wp-json\/wp\/v2\/comments?post=3211"}],"wp:featuredmedia":[{"embeddable":true,"href":"https:\/\/www.printings-n.com\/fr_fr\/wp-json\/wp\/v2\/media\/3212"}],"wp:attachment":[{"href":"https:\/\/www.printings-n.com\/fr_fr\/wp-json\/wp\/v2\/media?parent=3211"}],"wp:term":[{"taxonomy":"product_brand","embeddable":true,"href":"https:\/\/www.printings-n.com\/fr_fr\/wp-json\/wp\/v2\/product_brand?post=3211"},{"taxonomy":"product_cat","embeddable":true,"href":"https:\/\/www.printings-n.com\/fr_fr\/wp-json\/wp\/v2\/product_cat?post=3211"},{"taxonomy":"product_tag","embeddable":true,"href":"https:\/\/www.printings-n.com\/fr_fr\/wp-json\/wp\/v2\/product_tag?post=3211"}],"curies":[{"name":"wp","href":"https:\/\/api.w.org\/{rel}","templated":true}]}}