{"id":3209,"date":"2024-11-30T22:57:49","date_gmt":"2024-11-30T22:57:49","guid":{"rendered":"https:\/\/www.printings-n.com\/produit\/bonnet-reflechissant-tricorp-tricorpbeaniereflective\/"},"modified":"2024-11-30T22:57:50","modified_gmt":"2024-11-30T22:57:50","slug":"bonnet-reflechissant-tricorp-tricorpbeaniereflective","status":"publish","type":"product","link":"https:\/\/www.printings-n.com\/fr_fr\/produit\/bonnet-reflechissant-tricorp-tricorpbeaniereflective\/","title":{"rendered":"Bonnet r\u00e9fl\u00e9chissant Tricorp"},"content":{"rendered":"<p>La visibilit\u00e9 est cruciale, surtout sur un lieu de travail surcharg\u00e9 ou dangereux. Le Bonnet r\u00e9fl\u00e9chissant Tricorp, qui existe en plusieurs couleurs et est dot\u00e9 d&#039;une bande r\u00e9fl\u00e9chissante, est l&#039;accessoire de travail id\u00e9al, m\u00eame par temps froid. Gr\u00e2ce au mat\u00e9riau \u00e9lastique, la taille unique convient \u00e0 tous. Le bonnet est brod\u00e9 sur le devant avec votre logo ou design unique.<br \/>\n&lt;br&gt;&lt;br&gt;<br \/>\nCompl\u00e9tez votre collection de v\u00eatements de travail avec Tricorp workwear de [site_name] !<\/p>\n","protected":false},"excerpt":{"rendered":"<p>La visibilit\u00e9 est cruciale, surtout sur un lieu de travail surcharg\u00e9 ou dangereux. Le Bonnet r\u00e9fl\u00e9chissant Tricorp, qui existe en plusieurs couleurs et est dot\u00e9 d&#039;une bande r\u00e9fl\u00e9chissante, est l&#039;accessoire de travail id\u00e9al, m\u00eame par temps froid. Gr\u00e2ce au mat\u00e9riau \u00e9lastique, la taille unique convient \u00e0 tous. Le bonnet est brod\u00e9 sur le devant avec [&hellip;]<\/p>\n","protected":false},"featured_media":3210,"comment_status":"open","ping_status":"closed","template":"","meta":[],"product_brand":[],"product_cat":[81],"product_tag":[],"class_list":{"0":"post-3209","1":"product","2":"type-product","3":"status-publish","4":"has-post-thumbnail","6":"product_cat-vetements-de-travail","8":"first","9":"instock","10":"taxable","11":"shipping-taxable","12":"product-type-simple"},"_links":{"self":[{"href":"https:\/\/www.printings-n.com\/fr_fr\/wp-json\/wp\/v2\/product\/3209","targetHints":{"allow":["GET"]}}],"collection":[{"href":"https:\/\/www.printings-n.com\/fr_fr\/wp-json\/wp\/v2\/product"}],"about":[{"href":"https:\/\/www.printings-n.com\/fr_fr\/wp-json\/wp\/v2\/types\/product"}],"replies":[{"embeddable":true,"href":"https:\/\/www.printings-n.com\/fr_fr\/wp-json\/wp\/v2\/comments?post=3209"}],"wp:featuredmedia":[{"embeddable":true,"href":"https:\/\/www.printings-n.com\/fr_fr\/wp-json\/wp\/v2\/media\/3210"}],"wp:attachment":[{"href":"https:\/\/www.printings-n.com\/fr_fr\/wp-json\/wp\/v2\/media?parent=3209"}],"wp:term":[{"taxonomy":"product_brand","embeddable":true,"href":"https:\/\/www.printings-n.com\/fr_fr\/wp-json\/wp\/v2\/product_brand?post=3209"},{"taxonomy":"product_cat","embeddable":true,"href":"https:\/\/www.printings-n.com\/fr_fr\/wp-json\/wp\/v2\/product_cat?post=3209"},{"taxonomy":"product_tag","embeddable":true,"href":"https:\/\/www.printings-n.com\/fr_fr\/wp-json\/wp\/v2\/product_tag?post=3209"}],"curies":[{"name":"wp","href":"https:\/\/api.w.org\/{rel}","templated":true}]}}