{"id":3207,"date":"2024-11-30T22:57:44","date_gmt":"2024-11-30T22:57:44","guid":{"rendered":"https:\/\/www.printings-n.com\/produit\/polo-tricorp-coupe-standard-tricorppoloshirt180gram\/"},"modified":"2024-11-30T22:57:45","modified_gmt":"2024-11-30T22:57:45","slug":"polo-tricorp-coupe-standard-tricorppoloshirt180gram","status":"publish","type":"product","link":"https:\/\/www.printings-n.com\/fr_fr\/produit\/polo-tricorp-coupe-standard-tricorppoloshirt180gram\/","title":{"rendered":"Polo Tricorp coupe standard"},"content":{"rendered":"<p>Le polo est un \u00e9l\u00e9ment classique de tous les v\u00eatements d&#039;entreprise et lorsque nous pensons aux polos, le Polo Tricorp coupe standard est le premier \u00e0 nous venir \u00e0 l&#039;esprit. Ce polo est fabriqu\u00e9 \u00e0 partir de mat\u00e9riaux l\u00e9gers et de haute qualit\u00e9, ce qui en fait un v\u00eatement id\u00e9al pour un environnement de travail actif o\u00f9 il est important d&#039;avoir une apparence soign\u00e9e. La forme et la couleur du polo sont vari\u00e9es, la couleur reste vive et il ne perd pas sa forme avec le temps. Le Polo Tricorp coupe standard est imprim\u00e9 en quadrichromie.<br \/>\n&lt;br&gt;&lt;br&gt;<br \/>\nCompl\u00e9tez votre collection de v\u00eatements de travail avec les v\u00eatements de travail adapt\u00e9s de Tricorp de [site_name] !<\/p>\n","protected":false},"excerpt":{"rendered":"<p>Le polo est un \u00e9l\u00e9ment classique de tous les v\u00eatements d&#039;entreprise et lorsque nous pensons aux polos, le Polo Tricorp coupe standard est le premier \u00e0 nous venir \u00e0 l&#039;esprit. Ce polo est fabriqu\u00e9 \u00e0 partir de mat\u00e9riaux l\u00e9gers et de haute qualit\u00e9, ce qui en fait un v\u00eatement id\u00e9al pour un environnement de travail [&hellip;]<\/p>\n","protected":false},"featured_media":3208,"comment_status":"open","ping_status":"closed","template":"","meta":[],"product_brand":[],"product_cat":[81],"product_tag":[],"class_list":{"0":"post-3207","1":"product","2":"type-product","3":"status-publish","4":"has-post-thumbnail","6":"product_cat-vetements-de-travail","8":"first","9":"instock","10":"taxable","11":"shipping-taxable","12":"product-type-simple"},"_links":{"self":[{"href":"https:\/\/www.printings-n.com\/fr_fr\/wp-json\/wp\/v2\/product\/3207","targetHints":{"allow":["GET"]}}],"collection":[{"href":"https:\/\/www.printings-n.com\/fr_fr\/wp-json\/wp\/v2\/product"}],"about":[{"href":"https:\/\/www.printings-n.com\/fr_fr\/wp-json\/wp\/v2\/types\/product"}],"replies":[{"embeddable":true,"href":"https:\/\/www.printings-n.com\/fr_fr\/wp-json\/wp\/v2\/comments?post=3207"}],"wp:featuredmedia":[{"embeddable":true,"href":"https:\/\/www.printings-n.com\/fr_fr\/wp-json\/wp\/v2\/media\/3208"}],"wp:attachment":[{"href":"https:\/\/www.printings-n.com\/fr_fr\/wp-json\/wp\/v2\/media?parent=3207"}],"wp:term":[{"taxonomy":"product_brand","embeddable":true,"href":"https:\/\/www.printings-n.com\/fr_fr\/wp-json\/wp\/v2\/product_brand?post=3207"},{"taxonomy":"product_cat","embeddable":true,"href":"https:\/\/www.printings-n.com\/fr_fr\/wp-json\/wp\/v2\/product_cat?post=3207"},{"taxonomy":"product_tag","embeddable":true,"href":"https:\/\/www.printings-n.com\/fr_fr\/wp-json\/wp\/v2\/product_tag?post=3207"}],"curies":[{"name":"wp","href":"https:\/\/api.w.org\/{rel}","templated":true}]}}