{"id":3203,"date":"2024-11-30T22:57:39","date_gmt":"2024-11-30T22:57:39","guid":{"rendered":"https:\/\/www.printings-n.com\/produit\/veste-polaire-luxe-tricorp-tricorpsweatvestfleeceluxe\/"},"modified":"2024-11-30T22:57:39","modified_gmt":"2024-11-30T22:57:39","slug":"veste-polaire-luxe-tricorp-tricorpsweatvestfleeceluxe","status":"publish","type":"product","link":"https:\/\/www.printings-n.com\/fr_fr\/produit\/veste-polaire-luxe-tricorp-tricorpsweatvestfleeceluxe\/","title":{"rendered":"Veste polaire luxe Tricorp"},"content":{"rendered":"<p>La Veste polaire luxe Tricorp est un gilet polaire de luxe con\u00e7u pour que vous vous sentiez \u00e0 l&#039;aise, quelles que soient les conditions m\u00e9t\u00e9orologiques ou de travail. La mati\u00e8re micro polaire est tr\u00e8s isolante et garde le corps au chaud par temps froid.  Le design est moderne et ajust\u00e9, avec une finition \u00e9lastique au bas et au bout des manches pour garantir une bonne adaptation au corps. Compl\u00e9tez le look en ajoutant votre logo en quadrichromie ou en broderie.<br \/>\n&lt;br&gt;&lt;br&gt;<br \/>\nCompl\u00e9tez votre collection de v\u00eatements de travail avec les v\u00eatements de travail adapt\u00e9s de Tricorp sur [site_name] !<\/p>\n","protected":false},"excerpt":{"rendered":"<p>La Veste polaire luxe Tricorp est un gilet polaire de luxe con\u00e7u pour que vous vous sentiez \u00e0 l&#039;aise, quelles que soient les conditions m\u00e9t\u00e9orologiques ou de travail. La mati\u00e8re micro polaire est tr\u00e8s isolante et garde le corps au chaud par temps froid. Le design est moderne et ajust\u00e9, avec une finition \u00e9lastique au [&hellip;]<\/p>\n","protected":false},"featured_media":3204,"comment_status":"open","ping_status":"closed","template":"","meta":[],"product_brand":[],"product_cat":[81],"product_tag":[],"class_list":{"0":"post-3203","1":"product","2":"type-product","3":"status-publish","4":"has-post-thumbnail","6":"product_cat-vetements-de-travail","8":"first","9":"instock","10":"taxable","11":"shipping-taxable","12":"product-type-simple"},"_links":{"self":[{"href":"https:\/\/www.printings-n.com\/fr_fr\/wp-json\/wp\/v2\/product\/3203","targetHints":{"allow":["GET"]}}],"collection":[{"href":"https:\/\/www.printings-n.com\/fr_fr\/wp-json\/wp\/v2\/product"}],"about":[{"href":"https:\/\/www.printings-n.com\/fr_fr\/wp-json\/wp\/v2\/types\/product"}],"replies":[{"embeddable":true,"href":"https:\/\/www.printings-n.com\/fr_fr\/wp-json\/wp\/v2\/comments?post=3203"}],"wp:featuredmedia":[{"embeddable":true,"href":"https:\/\/www.printings-n.com\/fr_fr\/wp-json\/wp\/v2\/media\/3204"}],"wp:attachment":[{"href":"https:\/\/www.printings-n.com\/fr_fr\/wp-json\/wp\/v2\/media?parent=3203"}],"wp:term":[{"taxonomy":"product_brand","embeddable":true,"href":"https:\/\/www.printings-n.com\/fr_fr\/wp-json\/wp\/v2\/product_brand?post=3203"},{"taxonomy":"product_cat","embeddable":true,"href":"https:\/\/www.printings-n.com\/fr_fr\/wp-json\/wp\/v2\/product_cat?post=3203"},{"taxonomy":"product_tag","embeddable":true,"href":"https:\/\/www.printings-n.com\/fr_fr\/wp-json\/wp\/v2\/product_tag?post=3203"}],"curies":[{"name":"wp","href":"https:\/\/api.w.org\/{rel}","templated":true}]}}