{"id":3197,"date":"2024-11-30T22:57:24","date_gmt":"2024-11-30T22:57:24","guid":{"rendered":"https:\/\/www.printings-n.com\/produit\/pull-tricorp-basique-tricorpsweater280gram\/"},"modified":"2024-11-30T22:57:25","modified_gmt":"2024-11-30T22:57:25","slug":"pull-tricorp-basique-tricorpsweater280gram","status":"publish","type":"product","link":"https:\/\/www.printings-n.com\/fr_fr\/produit\/pull-tricorp-basique-tricorpsweater280gram\/","title":{"rendered":"Pull Tricorp basique"},"content":{"rendered":"<p>Vos employ\u00e9s travaillent-ils dans des conditions plus froides ? Alors le Pull Tricorp basique est l&#039;uniforme id\u00e9al qui offre confort, chaleur et la surface parfaite pour votre logo imprim\u00e9 ou brod\u00e9. Le v\u00eatement est r\u00e9sistant aux couleurs, ind\u00e9formable et confortable. Disponible dans de nombreux coloris, il convient \u00e0 divers secteurs d&#039;activit\u00e9 tels que la restauration, le transport, les entrep\u00f4ts, etc.<br \/>\n&lt;br&gt;&lt;br&gt;<br \/>\nCompl\u00e9tez votre collection de v\u00eatements de travail avec les v\u00eatements de travail adapt\u00e9s de Tricorp sur [site_name] !<\/p>\n","protected":false},"excerpt":{"rendered":"<p>Vos employ\u00e9s travaillent-ils dans des conditions plus froides ? Alors le Pull Tricorp basique est l&#039;uniforme id\u00e9al qui offre confort, chaleur et la surface parfaite pour votre logo imprim\u00e9 ou brod\u00e9. Le v\u00eatement est r\u00e9sistant aux couleurs, ind\u00e9formable et confortable. Disponible dans de nombreux coloris, il convient \u00e0 divers secteurs d&#039;activit\u00e9 tels que la restauration, [&hellip;]<\/p>\n","protected":false},"featured_media":3198,"comment_status":"open","ping_status":"closed","template":"","meta":[],"product_brand":[],"product_cat":[81],"product_tag":[],"class_list":{"0":"post-3197","1":"product","2":"type-product","3":"status-publish","4":"has-post-thumbnail","6":"product_cat-vetements-de-travail","8":"first","9":"instock","10":"taxable","11":"shipping-taxable","12":"product-type-simple"},"_links":{"self":[{"href":"https:\/\/www.printings-n.com\/fr_fr\/wp-json\/wp\/v2\/product\/3197","targetHints":{"allow":["GET"]}}],"collection":[{"href":"https:\/\/www.printings-n.com\/fr_fr\/wp-json\/wp\/v2\/product"}],"about":[{"href":"https:\/\/www.printings-n.com\/fr_fr\/wp-json\/wp\/v2\/types\/product"}],"replies":[{"embeddable":true,"href":"https:\/\/www.printings-n.com\/fr_fr\/wp-json\/wp\/v2\/comments?post=3197"}],"wp:featuredmedia":[{"embeddable":true,"href":"https:\/\/www.printings-n.com\/fr_fr\/wp-json\/wp\/v2\/media\/3198"}],"wp:attachment":[{"href":"https:\/\/www.printings-n.com\/fr_fr\/wp-json\/wp\/v2\/media?parent=3197"}],"wp:term":[{"taxonomy":"product_brand","embeddable":true,"href":"https:\/\/www.printings-n.com\/fr_fr\/wp-json\/wp\/v2\/product_brand?post=3197"},{"taxonomy":"product_cat","embeddable":true,"href":"https:\/\/www.printings-n.com\/fr_fr\/wp-json\/wp\/v2\/product_cat?post=3197"},{"taxonomy":"product_tag","embeddable":true,"href":"https:\/\/www.printings-n.com\/fr_fr\/wp-json\/wp\/v2\/product_tag?post=3197"}],"curies":[{"name":"wp","href":"https:\/\/api.w.org\/{rel}","templated":true}]}}