{"id":3193,"date":"2024-11-30T22:57:13","date_gmt":"2024-11-30T22:57:13","guid":{"rendered":"https:\/\/www.printings-n.com\/produit\/polo-tricorp-a-manches-longues-tricorppolosweater\/"},"modified":"2024-11-30T22:57:14","modified_gmt":"2024-11-30T22:57:14","slug":"polo-tricorp-a-manches-longues-tricorppolosweater","status":"publish","type":"product","link":"https:\/\/www.printings-n.com\/fr_fr\/produit\/polo-tricorp-a-manches-longues-tricorppolosweater\/","title":{"rendered":"Polo Tricorp \u00e0 manches longues"},"content":{"rendered":"<p>Le Polo Tricorp \u00e0 manches longues est l&#039;option parfaite pour les temp\u00e9ratures de travail plus basses. Ce v\u00eatement durable, aux couleurs inalt\u00e9rables qui conserve sa forme, poss\u00e8de un rev\u00eatement int\u00e9rieur rugueux qui offre encore plus de confort. Il comporte \u00e9galement une fermeture de col \u00e0 3 boutons et des fentes lat\u00e9rales. Le Polo Tricorp \u00e0 manches longues peut \u00eatre imprim\u00e9 en quadrichromie ou en broderie.<br \/>\n&lt;br&gt;&lt;br&gt;<br \/>\nCompl\u00e9tez votre collection de v\u00eatements de travail avec les v\u00eatements de travail adapt\u00e9s de Tricorp sur [site_name] !<\/p>\n","protected":false},"excerpt":{"rendered":"<p>Le Polo Tricorp \u00e0 manches longues est l&#039;option parfaite pour les temp\u00e9ratures de travail plus basses. Ce v\u00eatement durable, aux couleurs inalt\u00e9rables qui conserve sa forme, poss\u00e8de un rev\u00eatement int\u00e9rieur rugueux qui offre encore plus de confort. Il comporte \u00e9galement une fermeture de col \u00e0 3 boutons et des fentes lat\u00e9rales. Le Polo Tricorp \u00e0 [&hellip;]<\/p>\n","protected":false},"featured_media":3194,"comment_status":"open","ping_status":"closed","template":"","meta":[],"product_brand":[],"product_cat":[81],"product_tag":[],"class_list":{"0":"post-3193","1":"product","2":"type-product","3":"status-publish","4":"has-post-thumbnail","6":"product_cat-vetements-de-travail","8":"first","9":"instock","10":"taxable","11":"shipping-taxable","12":"product-type-simple"},"_links":{"self":[{"href":"https:\/\/www.printings-n.com\/fr_fr\/wp-json\/wp\/v2\/product\/3193","targetHints":{"allow":["GET"]}}],"collection":[{"href":"https:\/\/www.printings-n.com\/fr_fr\/wp-json\/wp\/v2\/product"}],"about":[{"href":"https:\/\/www.printings-n.com\/fr_fr\/wp-json\/wp\/v2\/types\/product"}],"replies":[{"embeddable":true,"href":"https:\/\/www.printings-n.com\/fr_fr\/wp-json\/wp\/v2\/comments?post=3193"}],"wp:featuredmedia":[{"embeddable":true,"href":"https:\/\/www.printings-n.com\/fr_fr\/wp-json\/wp\/v2\/media\/3194"}],"wp:attachment":[{"href":"https:\/\/www.printings-n.com\/fr_fr\/wp-json\/wp\/v2\/media?parent=3193"}],"wp:term":[{"taxonomy":"product_brand","embeddable":true,"href":"https:\/\/www.printings-n.com\/fr_fr\/wp-json\/wp\/v2\/product_brand?post=3193"},{"taxonomy":"product_cat","embeddable":true,"href":"https:\/\/www.printings-n.com\/fr_fr\/wp-json\/wp\/v2\/product_cat?post=3193"},{"taxonomy":"product_tag","embeddable":true,"href":"https:\/\/www.printings-n.com\/fr_fr\/wp-json\/wp\/v2\/product_tag?post=3193"}],"curies":[{"name":"wp","href":"https:\/\/api.w.org\/{rel}","templated":true}]}}