{"id":3188,"date":"2024-11-30T22:57:02","date_gmt":"2024-11-30T22:57:02","guid":{"rendered":"https:\/\/www.printings-n.com\/produit\/veste-tricorp-classique-tricorpsoftshellluxe\/"},"modified":"2024-11-30T22:57:03","modified_gmt":"2024-11-30T22:57:03","slug":"veste-tricorp-classique-tricorpsoftshellluxe","status":"publish","type":"product","link":"https:\/\/www.printings-n.com\/fr_fr\/produit\/veste-tricorp-classique-tricorpsoftshellluxe\/","title":{"rendered":"Veste Tricorp classique"},"content":{"rendered":"<p>Cette veste est compos\u00e9e d&#039;un tissu respirant, d&#039;une protection imperm\u00e9able, d&#039;un bas de veste \u00e9lastique r\u00e9glable et de poignets en velcro, ce qui la rend \u00e9galement coupe-vent. Cette veste \u00e9l\u00e9gante et professionnelle est disponible en taille pour femmes et pour hommes, ce qui la rend id\u00e9ale pour tous les travailleurs ! Le ruban r\u00e9fl\u00e9chissant rend \u00e9galement la veste hautement visible et est id\u00e9al pour le travail en ext\u00e9rieur comme le transport, la logistique ou la s\u00e9curit\u00e9. Le Veste Tricorp classique est imprim\u00e9 en quadrichromie.<br \/>\n&lt;br&gt;&lt;br&gt;<br \/>\nCompl\u00e9tez votre collection de v\u00eatements de travail avec les v\u00eatements de travail adapt\u00e9s de Tricorp sur [site_name] !<\/p>\n","protected":false},"excerpt":{"rendered":"<p>Cette veste est compos\u00e9e d&#039;un tissu respirant, d&#039;une protection imperm\u00e9able, d&#039;un bas de veste \u00e9lastique r\u00e9glable et de poignets en velcro, ce qui la rend \u00e9galement coupe-vent. Cette veste \u00e9l\u00e9gante et professionnelle est disponible en taille pour femmes et pour hommes, ce qui la rend id\u00e9ale pour tous les travailleurs ! Le ruban r\u00e9fl\u00e9chissant rend [&hellip;]<\/p>\n","protected":false},"featured_media":3189,"comment_status":"open","ping_status":"closed","template":"","meta":[],"product_brand":[],"product_cat":[81],"product_tag":[],"class_list":{"0":"post-3188","1":"product","2":"type-product","3":"status-publish","4":"has-post-thumbnail","6":"product_cat-vetements-de-travail","8":"first","9":"instock","10":"taxable","11":"shipping-taxable","12":"product-type-simple"},"_links":{"self":[{"href":"https:\/\/www.printings-n.com\/fr_fr\/wp-json\/wp\/v2\/product\/3188","targetHints":{"allow":["GET"]}}],"collection":[{"href":"https:\/\/www.printings-n.com\/fr_fr\/wp-json\/wp\/v2\/product"}],"about":[{"href":"https:\/\/www.printings-n.com\/fr_fr\/wp-json\/wp\/v2\/types\/product"}],"replies":[{"embeddable":true,"href":"https:\/\/www.printings-n.com\/fr_fr\/wp-json\/wp\/v2\/comments?post=3188"}],"wp:featuredmedia":[{"embeddable":true,"href":"https:\/\/www.printings-n.com\/fr_fr\/wp-json\/wp\/v2\/media\/3189"}],"wp:attachment":[{"href":"https:\/\/www.printings-n.com\/fr_fr\/wp-json\/wp\/v2\/media?parent=3188"}],"wp:term":[{"taxonomy":"product_brand","embeddable":true,"href":"https:\/\/www.printings-n.com\/fr_fr\/wp-json\/wp\/v2\/product_brand?post=3188"},{"taxonomy":"product_cat","embeddable":true,"href":"https:\/\/www.printings-n.com\/fr_fr\/wp-json\/wp\/v2\/product_cat?post=3188"},{"taxonomy":"product_tag","embeddable":true,"href":"https:\/\/www.printings-n.com\/fr_fr\/wp-json\/wp\/v2\/product_tag?post=3188"}],"curies":[{"name":"wp","href":"https:\/\/api.w.org\/{rel}","templated":true}]}}