{"id":3177,"date":"2024-11-30T22:56:41","date_gmt":"2024-11-30T22:56:41","guid":{"rendered":"https:\/\/www.printings-n.com\/produit\/chaussettes-bliss-de-vodde-workwear-casualworksocksrecycledvodde\/"},"modified":"2024-11-30T22:56:41","modified_gmt":"2024-11-30T22:56:41","slug":"chaussettes-bliss-de-vodde-workwear-casualworksocksrecycledvodde","status":"publish","type":"product","link":"https:\/\/www.printings-n.com\/fr_fr\/produit\/chaussettes-bliss-de-vodde-workwear-casualworksocksrecycledvodde\/","title":{"rendered":"Chaussettes Bliss de Vodde Workwear"},"content":{"rendered":"<p>Pr\u00e9parez-vous \u00e0 une journ\u00e9e de travail confortable et durable avec ces chaussettes douillettes ! Fabriqu\u00e9es avec amour \u00e0 partir de mat\u00e9riaux recycl\u00e9s, elles offrent une sensation de confort c\u00f4tel\u00e9e, parfaite pour les longues heures pass\u00e9es dans les bottes. Plus d&#039;ampoules gr\u00e2ce au soutien de la vo\u00fbte plantaire, et l&#039;assise plantaire en tissu \u00e9ponge ajoute une couche suppl\u00e9mentaire de confort. Elles sont \u00e9galement robustes, con\u00e7ues pour r\u00e9sister \u00e0 l&#039;usure quotidienne. Et le meilleur ? Vous aidez la plan\u00e8te \u00e0 chaque pas !<\/p>\n","protected":false},"excerpt":{"rendered":"<p>Pr\u00e9parez-vous \u00e0 une journ\u00e9e de travail confortable et durable avec ces chaussettes douillettes ! Fabriqu\u00e9es avec amour \u00e0 partir de mat\u00e9riaux recycl\u00e9s, elles offrent une sensation de confort c\u00f4tel\u00e9e, parfaite pour les longues heures pass\u00e9es dans les bottes. Plus d&#039;ampoules gr\u00e2ce au soutien de la vo\u00fbte plantaire, et l&#039;assise plantaire en tissu \u00e9ponge ajoute une [&hellip;]<\/p>\n","protected":false},"featured_media":3178,"comment_status":"open","ping_status":"closed","template":"","meta":[],"product_brand":[],"product_cat":[81],"product_tag":[],"class_list":{"0":"post-3177","1":"product","2":"type-product","3":"status-publish","4":"has-post-thumbnail","6":"product_cat-vetements-de-travail","8":"first","9":"instock","10":"taxable","11":"shipping-taxable","12":"product-type-simple"},"_links":{"self":[{"href":"https:\/\/www.printings-n.com\/fr_fr\/wp-json\/wp\/v2\/product\/3177","targetHints":{"allow":["GET"]}}],"collection":[{"href":"https:\/\/www.printings-n.com\/fr_fr\/wp-json\/wp\/v2\/product"}],"about":[{"href":"https:\/\/www.printings-n.com\/fr_fr\/wp-json\/wp\/v2\/types\/product"}],"replies":[{"embeddable":true,"href":"https:\/\/www.printings-n.com\/fr_fr\/wp-json\/wp\/v2\/comments?post=3177"}],"wp:featuredmedia":[{"embeddable":true,"href":"https:\/\/www.printings-n.com\/fr_fr\/wp-json\/wp\/v2\/media\/3178"}],"wp:attachment":[{"href":"https:\/\/www.printings-n.com\/fr_fr\/wp-json\/wp\/v2\/media?parent=3177"}],"wp:term":[{"taxonomy":"product_brand","embeddable":true,"href":"https:\/\/www.printings-n.com\/fr_fr\/wp-json\/wp\/v2\/product_brand?post=3177"},{"taxonomy":"product_cat","embeddable":true,"href":"https:\/\/www.printings-n.com\/fr_fr\/wp-json\/wp\/v2\/product_cat?post=3177"},{"taxonomy":"product_tag","embeddable":true,"href":"https:\/\/www.printings-n.com\/fr_fr\/wp-json\/wp\/v2\/product_tag?post=3177"}],"curies":[{"name":"wp","href":"https:\/\/api.w.org\/{rel}","templated":true}]}}