{"id":3129,"date":"2024-11-30T22:54:34","date_gmt":"2024-11-30T22:54:34","guid":{"rendered":"https:\/\/www.printings-n.com\/produit\/blocs-notes-avec-couverture-notepadsgluedwrapper\/"},"modified":"2024-11-30T22:54:35","modified_gmt":"2024-11-30T22:54:35","slug":"blocs-notes-avec-couverture-notepadsgluedwrapper","status":"publish","type":"product","link":"https:\/\/www.printings-n.com\/fr_fr\/produit\/blocs-notes-avec-couverture-notepadsgluedwrapper\/","title":{"rendered":"Blocs-notes avec couverture"},"content":{"rendered":"<p>Utiles au bureau comme \u00e0 la maison, ces blocs-notes \u00e0 couverture coll\u00e9e sont particuli\u00e8rement utiles afin d&#039;\u00e9crire des id\u00e9es, informations importantes et m\u00e9mos. En les imprimant \u00e0 l&#039;image de votre entreprise avec votre logo ou visuel, vous pouvez les offrir \u00e0 vos clients, partenaires et employ\u00e9s afin qu&#039;ils deviennent les ambassadeurs de votre marque. Avec 6 formats disponibles, de larges zones d&#039;impression et la possibilit\u00e9 de perforer les pages, vous \u00eates certain d&#039;obtenir des blocs-notes avec couverture parfaitement personnalis\u00e9s pour votre entreprise. &lt;br&gt;&lt;br&gt;<\/p>\n<p>\u00c0 noter : les pages int\u00e9rieures sont imprim\u00e9es au recto uniquement, si vous souhaitez avoir des lignes sur les pages, veuillez les inclure dans votre design.<\/p>\n","protected":false},"excerpt":{"rendered":"<p>Utiles au bureau comme \u00e0 la maison, ces blocs-notes \u00e0 couverture coll\u00e9e sont particuli\u00e8rement utiles afin d&#039;\u00e9crire des id\u00e9es, informations importantes et m\u00e9mos. En les imprimant \u00e0 l&#039;image de votre entreprise avec votre logo ou visuel, vous pouvez les offrir \u00e0 vos clients, partenaires et employ\u00e9s afin qu&#039;ils deviennent les ambassadeurs de votre marque. Avec [&hellip;]<\/p>\n","protected":false},"featured_media":3130,"comment_status":"open","ping_status":"closed","template":"","meta":[],"product_brand":[],"product_cat":[78],"product_tag":[],"class_list":{"0":"post-3129","1":"product","2":"type-product","3":"status-publish","4":"has-post-thumbnail","6":"product_cat-papeterie","8":"first","9":"instock","10":"taxable","11":"shipping-taxable","12":"product-type-simple"},"_links":{"self":[{"href":"https:\/\/www.printings-n.com\/fr_fr\/wp-json\/wp\/v2\/product\/3129","targetHints":{"allow":["GET"]}}],"collection":[{"href":"https:\/\/www.printings-n.com\/fr_fr\/wp-json\/wp\/v2\/product"}],"about":[{"href":"https:\/\/www.printings-n.com\/fr_fr\/wp-json\/wp\/v2\/types\/product"}],"replies":[{"embeddable":true,"href":"https:\/\/www.printings-n.com\/fr_fr\/wp-json\/wp\/v2\/comments?post=3129"}],"wp:featuredmedia":[{"embeddable":true,"href":"https:\/\/www.printings-n.com\/fr_fr\/wp-json\/wp\/v2\/media\/3130"}],"wp:attachment":[{"href":"https:\/\/www.printings-n.com\/fr_fr\/wp-json\/wp\/v2\/media?parent=3129"}],"wp:term":[{"taxonomy":"product_brand","embeddable":true,"href":"https:\/\/www.printings-n.com\/fr_fr\/wp-json\/wp\/v2\/product_brand?post=3129"},{"taxonomy":"product_cat","embeddable":true,"href":"https:\/\/www.printings-n.com\/fr_fr\/wp-json\/wp\/v2\/product_cat?post=3129"},{"taxonomy":"product_tag","embeddable":true,"href":"https:\/\/www.printings-n.com\/fr_fr\/wp-json\/wp\/v2\/product_tag?post=3129"}],"curies":[{"name":"wp","href":"https:\/\/api.w.org\/{rel}","templated":true}]}}