{"id":3125,"date":"2024-11-30T22:54:19","date_gmt":"2024-11-30T22:54:19","guid":{"rendered":"https:\/\/www.printings-n.com\/produit\/notes-adhesives-en-papier-recycle-memoblockseco\/"},"modified":"2024-11-30T22:54:20","modified_gmt":"2024-11-30T22:54:20","slug":"notes-adhesives-en-papier-recycle-memoblockseco","status":"publish","type":"product","link":"https:\/\/www.printings-n.com\/fr_fr\/produit\/notes-adhesives-en-papier-recycle-memoblockseco\/","title":{"rendered":"Notes adh\u00e9sives en papier recycl\u00e9"},"content":{"rendered":"<p>Nos notes adh\u00e9sives en papier recycl\u00e9 offrent une alternative \u00e9cologique aux autres types de notes autocollantes, car elles sont fabriqu\u00e9es avec du papier recycl\u00e9 de 80 g, ainsi que d&#039;une feuille de carton qui sert de support et qui est \u00e9galement recycl\u00e9e. Les post-it en papier recycl\u00e9 s&#039;int\u00e8grent parfaitement \u00e0 votre papeterie et vous permettront de r\u00e9aliser une publicit\u00e9 sur le long terme tout en respectant l&#039;environnement !<\/p>\n","protected":false},"excerpt":{"rendered":"<p>Nos notes adh\u00e9sives en papier recycl\u00e9 offrent une alternative \u00e9cologique aux autres types de notes autocollantes, car elles sont fabriqu\u00e9es avec du papier recycl\u00e9 de 80 g, ainsi que d&#039;une feuille de carton qui sert de support et qui est \u00e9galement recycl\u00e9e. Les post-it en papier recycl\u00e9 s&#039;int\u00e8grent parfaitement \u00e0 votre papeterie et vous permettront [&hellip;]<\/p>\n","protected":false},"featured_media":3126,"comment_status":"open","ping_status":"closed","template":"","meta":[],"product_brand":[],"product_cat":[78],"product_tag":[],"class_list":{"0":"post-3125","1":"product","2":"type-product","3":"status-publish","4":"has-post-thumbnail","6":"product_cat-papeterie","8":"first","9":"instock","10":"taxable","11":"shipping-taxable","12":"product-type-simple"},"_links":{"self":[{"href":"https:\/\/www.printings-n.com\/fr_fr\/wp-json\/wp\/v2\/product\/3125","targetHints":{"allow":["GET"]}}],"collection":[{"href":"https:\/\/www.printings-n.com\/fr_fr\/wp-json\/wp\/v2\/product"}],"about":[{"href":"https:\/\/www.printings-n.com\/fr_fr\/wp-json\/wp\/v2\/types\/product"}],"replies":[{"embeddable":true,"href":"https:\/\/www.printings-n.com\/fr_fr\/wp-json\/wp\/v2\/comments?post=3125"}],"wp:featuredmedia":[{"embeddable":true,"href":"https:\/\/www.printings-n.com\/fr_fr\/wp-json\/wp\/v2\/media\/3126"}],"wp:attachment":[{"href":"https:\/\/www.printings-n.com\/fr_fr\/wp-json\/wp\/v2\/media?parent=3125"}],"wp:term":[{"taxonomy":"product_brand","embeddable":true,"href":"https:\/\/www.printings-n.com\/fr_fr\/wp-json\/wp\/v2\/product_brand?post=3125"},{"taxonomy":"product_cat","embeddable":true,"href":"https:\/\/www.printings-n.com\/fr_fr\/wp-json\/wp\/v2\/product_cat?post=3125"},{"taxonomy":"product_tag","embeddable":true,"href":"https:\/\/www.printings-n.com\/fr_fr\/wp-json\/wp\/v2\/product_tag?post=3125"}],"curies":[{"name":"wp","href":"https:\/\/api.w.org\/{rel}","templated":true}]}}