{"id":3123,"date":"2024-11-30T22:54:13","date_gmt":"2024-11-30T22:54:13","guid":{"rendered":"https:\/\/www.printings-n.com\/produit\/notes-adhesives-avec-couverture-soft-memoblockscover\/"},"modified":"2024-11-30T22:54:14","modified_gmt":"2024-11-30T22:54:14","slug":"notes-adhesives-avec-couverture-soft-memoblockscover","status":"publish","type":"product","link":"https:\/\/www.printings-n.com\/fr_fr\/produit\/notes-adhesives-avec-couverture-soft-memoblockscover\/","title":{"rendered":"Notes adh\u00e9sives avec couverture soft"},"content":{"rendered":"<p>Parfaits pour conserver des informations \u00e0 retenir, les notes adh\u00e9sives [site_name] repr\u00e9sentent aussi un excellent cadeau publicitaire pour vos clients, coll\u00e8gues et partenaires. En les personnalisant avec votre logo, marque ou slogan, elles sont une occasion formidable de promouvoir votre entreprise avec un cadeau pratique et utile. Commandez d\u00e8s maintenant vos blocs post-it avec [site_name] et collez en toute simplicit\u00e9 votre image \u00e0 tout moment ! Leur couverture est toujours imprim\u00e9e en quadrichromie.<\/p>\n","protected":false},"excerpt":{"rendered":"<p>Parfaits pour conserver des informations \u00e0 retenir, les notes adh\u00e9sives [site_name] repr\u00e9sentent aussi un excellent cadeau publicitaire pour vos clients, coll\u00e8gues et partenaires. En les personnalisant avec votre logo, marque ou slogan, elles sont une occasion formidable de promouvoir votre entreprise avec un cadeau pratique et utile. Commandez d\u00e8s maintenant vos blocs post-it avec [site_name] [&hellip;]<\/p>\n","protected":false},"featured_media":3124,"comment_status":"open","ping_status":"closed","template":"","meta":[],"product_brand":[],"product_cat":[78],"product_tag":[],"class_list":{"0":"post-3123","1":"product","2":"type-product","3":"status-publish","4":"has-post-thumbnail","6":"product_cat-papeterie","8":"first","9":"instock","10":"taxable","11":"shipping-taxable","12":"product-type-simple"},"_links":{"self":[{"href":"https:\/\/www.printings-n.com\/fr_fr\/wp-json\/wp\/v2\/product\/3123","targetHints":{"allow":["GET"]}}],"collection":[{"href":"https:\/\/www.printings-n.com\/fr_fr\/wp-json\/wp\/v2\/product"}],"about":[{"href":"https:\/\/www.printings-n.com\/fr_fr\/wp-json\/wp\/v2\/types\/product"}],"replies":[{"embeddable":true,"href":"https:\/\/www.printings-n.com\/fr_fr\/wp-json\/wp\/v2\/comments?post=3123"}],"wp:featuredmedia":[{"embeddable":true,"href":"https:\/\/www.printings-n.com\/fr_fr\/wp-json\/wp\/v2\/media\/3124"}],"wp:attachment":[{"href":"https:\/\/www.printings-n.com\/fr_fr\/wp-json\/wp\/v2\/media?parent=3123"}],"wp:term":[{"taxonomy":"product_brand","embeddable":true,"href":"https:\/\/www.printings-n.com\/fr_fr\/wp-json\/wp\/v2\/product_brand?post=3123"},{"taxonomy":"product_cat","embeddable":true,"href":"https:\/\/www.printings-n.com\/fr_fr\/wp-json\/wp\/v2\/product_cat?post=3123"},{"taxonomy":"product_tag","embeddable":true,"href":"https:\/\/www.printings-n.com\/fr_fr\/wp-json\/wp\/v2\/product_tag?post=3123"}],"curies":[{"name":"wp","href":"https:\/\/api.w.org\/{rel}","templated":true}]}}